{"id":2849,"date":"2022-11-19T21:14:53","date_gmt":"2022-11-19T18:14:53","guid":{"rendered":"https:\/\/atmis-au.org\/?page_id=2849"},"modified":"2023-05-19T13:10:56","modified_gmt":"2023-05-19T10:10:56","slug":"srcc-ambassador-mohammed-el-amine-souef","status":"publish","type":"page","link":"https:\/\/atmis-au.org\/fr\/srcc-ambassador-mohammed-el-amine-souef\/","title":{"rendered":"Le RSPC et Chef de Mission, l\u2019Ambassadeur Mohammed El-Amine Souef"},"content":{"rendered":"L&rsquo;Ambassadeur Mohammed El-Amine Souef est le Repr\u00e9sentant Sp\u00e9cial du Pr\u00e9sident de la Commission de l&rsquo;Union Africaine (RSPC) et le Chef de la Mission de Transition de l&rsquo;Union Africaine en Somalie (ATMIS). Il a \u00e9t\u00e9 nomm\u00e9 le 1<sup>er<\/sup> septembre 2022 par le Pr\u00e9sident de la Commission de l&rsquo;Union Africaine.<\/p>\n<p>Dans son r\u00f4le de RSPC et Chef de Mission, l&rsquo;Ambassadeur Souef, supervise les composantes militaire, police et civile de l&rsquo;ATMIS. Il dirige \u00e9galement l\u2019ATMIS dans la mise en \u0153uvre du Plan de Transition pour la Somalie (PTS), qui d\u00e9crit le processus de transfert progressif des responsabilit\u00e9s de s\u00e9curit\u00e9 aux forces de s\u00e9curit\u00e9 somaliennes d&rsquo;ici d\u00e9cembre 2024.<\/p>\n<p>Jusqu&rsquo;\u00e0 sa nomination au poste de RSPC, l&rsquo;Ambassadeur Souef \u00e9tait le chef du bureau r\u00e9gional de la Mission Multidimensionnelle Int\u00e9gr\u00e9e des Nations Unies pour la Stabilisation au Mali (MINUSMA) \u00e0 Gao. Il est un ancien Ministre des Affaires Etrang\u00e8res et de la Coop\u00e9ration Internationale de l&rsquo;Union des Comores. L&rsquo;Ambassadeur Souef a pr\u00e9c\u00e9demment occup\u00e9 le poste de chef du bureau r\u00e9gional de l&rsquo;Op\u00e9ration Hybride Union Africaine-Nations Unies au Darfour (MINUAD). Il a \u00e9galement \u00e9t\u00e9 ambassadeur et repr\u00e9sentant permanent des Comores aupr\u00e8s des Nations Unies \u00e0 New York.<\/p>\n<p>Dans sa fonction de RSPC en Somalie et Chef de l&rsquo;ATMIS, l&rsquo;Ambassadeur Souef travaille en \u00e9troite collaboration avec le Gouvernement F\u00e9d\u00e9ral de la Somalie (GFS) et d&rsquo;autres partenaires internationaux et locaux afin d\u2019appuyer la mise en \u0153uvre du Plan de Transition pour la Somalie et les processus plus larges de consolidation de l&rsquo;\u00c9tat en Somalie. Il travaille \u00e9galement en \u00e9troite collaboration avec l&rsquo;Autorit\u00e9 Intergouvernementale pour le D\u00e9veloppement (IGAD) et d&rsquo;autres partenaires bilat\u00e9raux et multilat\u00e9raux, notamment les Nations Unies (ONU) et l&rsquo;Union Europ\u00e9enne (UE).<\/p>\n<p>L&rsquo;Ambassadeur Souef a \u00e9tudi\u00e9 \u00e0 la Foreign Service Training Academy au Pakistan ; \u00e0 l&rsquo;Universit\u00e9 Islamique de Medina en Arabie Saoudite ; et \u00e0 l&rsquo;Universit\u00e9 Sidi Mohammed au Maroc.<\/p>\n<p>Il est un auteur avec cinq livres \u00e0 son actif sur la politique et la g\u00e9opolitique.<\/p>\n<p>&nbsp;","protected":false},"excerpt":{"rendered":"<p>L&rsquo;Ambassadeur Mohammed El-Amine Souef est le Repr\u00e9sentant Sp\u00e9cial du Pr\u00e9sident de la Commission de l&rsquo;Union Africaine (RSPC) et le Chef de la Mission de Transition de l&rsquo;Union Africaine en Somalie&hellip;<\/p>\n","protected":false},"author":2,"featured_media":2943,"parent":0,"menu_order":0,"comment_status":"closed","ping_status":"closed","template":"page-sidebar.php","meta":{"footnotes":""},"class_list":["post-2849","page","type-page","status-publish","has-post-thumbnail","hentry"],"yoast_head":"<!-- This site is optimized with the Yoast SEO plugin v26.9 - https:\/\/yoast.com\/product\/yoast-seo-wordpress\/ -->\n<title>Le RSPC et Chef de Mission, l\u2019Ambassadeur Mohammed El-Amine Souef - (EN) African Transition Mission in Somalia (ATMIS)<\/title>\n<meta name=\"description\" content=\"Ambassador Mohammed El-Amine Souef is the Special Representative of the Chairperson of the African Union Commission (SRCC) and the Head of the African Union Transition Mission in Somalia (ATMIS). He was appointed on 1st September 2022 by the Chairperson of the African Union Commission.\" \/>\n<meta name=\"robots\" content=\"index, follow, max-snippet:-1, max-image-preview:large, max-video-preview:-1\" \/>\n<link rel=\"canonical\" href=\"https:\/\/atmis-au.org\/fr\/srcc-ambassador-mohammed-el-amine-souef\/\" \/>\n<meta property=\"og:locale\" content=\"fr_FR\" \/>\n<meta property=\"og:type\" content=\"article\" \/>\n<meta property=\"og:title\" content=\"Le RSPC et Chef de Mission, l\u2019Ambassadeur Mohammed El-Amine Souef - (EN) African Transition Mission in Somalia (ATMIS)\" \/>\n<meta property=\"og:description\" content=\"Ambassador Mohammed El-Amine Souef is the Special Representative of the Chairperson of the African Union Commission (SRCC) and the Head of the African Union Transition Mission in Somalia (ATMIS). He was appointed on 1st September 2022 by the Chairperson of the African Union Commission.\" \/>\n<meta property=\"og:url\" content=\"https:\/\/atmis-au.org\/fr\/srcc-ambassador-mohammed-el-amine-souef\/\" \/>\n<meta property=\"og:site_name\" content=\"(EN) African Transition Mission in Somalia (ATMIS)\" \/>\n<meta property=\"article:publisher\" content=\"https:\/\/facebook.com\/atmis.somalia\" \/>\n<meta property=\"article:modified_time\" content=\"2023-05-19T10:10:56+00:00\" \/>\n<meta property=\"og:image\" content=\"https:\/\/atmis-au.org\/wp-content\/uploads\/2022\/12\/SRCC-cover.jpg\" \/>\n\t<meta property=\"og:image:width\" content=\"1536\" \/>\n\t<meta property=\"og:image:height\" content=\"1034\" \/>\n\t<meta property=\"og:image:type\" content=\"image\/jpeg\" \/>\n<meta name=\"twitter:card\" content=\"summary_large_image\" \/>\n<meta name=\"twitter:site\" content=\"@atmis_somalia\" \/>\n<meta name=\"twitter:label1\" content=\"Dur\u00e9e de lecture estim\u00e9e\" \/>\n\t<meta name=\"twitter:data1\" content=\"2 minutes\" \/>\n<script type=\"application\/ld+json\" class=\"yoast-schema-graph\">{\"@context\":\"https:\/\/schema.org\",\"@graph\":[{\"@type\":\"WebPage\",\"@id\":\"https:\/\/atmis-au.org\/fr\/srcc-ambassador-mohammed-el-amine-souef\/\",\"url\":\"https:\/\/atmis-au.org\/fr\/srcc-ambassador-mohammed-el-amine-souef\/\",\"name\":\"Le RSPC et Chef de Mission, l\u2019Ambassadeur Mohammed El-Amine Souef - (EN) African Transition Mission in Somalia (ATMIS)\",\"isPartOf\":{\"@id\":\"https:\/\/atmis-au.org\/fr\/#website\"},\"primaryImageOfPage\":{\"@id\":\"https:\/\/atmis-au.org\/fr\/srcc-ambassador-mohammed-el-amine-souef\/#primaryimage\"},\"image\":{\"@id\":\"https:\/\/atmis-au.org\/srcc-ambassador-mohammed-el-amine-souef\/#primaryimage\"},\"thumbnailUrl\":\"https:\/\/atmis-au.org\/wp-content\/uploads\/2022\/12\/SRCC-cover.jpg\",\"datePublished\":\"2022-11-19T18:14:53+00:00\",\"dateModified\":\"2023-05-19T10:10:56+00:00\",\"description\":\"Ambassador Mohammed El-Amine Souef is the Special Representative of the Chairperson of the African Union Commission (SRCC) and the Head of the African Union Transition Mission in Somalia (ATMIS). He was appointed on 1st September 2022 by the Chairperson of the African Union Commission.\",\"breadcrumb\":{\"@id\":\"https:\/\/atmis-au.org\/fr\/srcc-ambassador-mohammed-el-amine-souef\/#breadcrumb\"},\"inLanguage\":\"fr-FR\",\"potentialAction\":[{\"@type\":\"ReadAction\",\"target\":[[\"https:\/\/atmis-au.org\/fr\/srcc-ambassador-mohammed-el-amine-souef\/\"]]}]},{\"@type\":\"ImageObject\",\"inLanguage\":\"fr-FR\",\"@id\":\"https:\/\/atmis-au.org\/fr\/srcc-ambassador-mohammed-el-amine-souef\/#primaryimage\",\"url\":\"https:\/\/atmis-au.org\/wp-content\/uploads\/2022\/12\/SRCC-cover.jpg\",\"contentUrl\":\"https:\/\/atmis-au.org\/wp-content\/uploads\/2022\/12\/SRCC-cover.jpg\",\"width\":1536,\"height\":1034,\"caption\":\"SRCC Ambassador Mohammed El-Amine Souef\"},{\"@type\":\"BreadcrumbList\",\"@id\":\"https:\/\/atmis-au.org\/fr\/srcc-ambassador-mohammed-el-amine-souef\/#breadcrumb\",\"itemListElement\":[{\"@type\":\"ListItem\",\"position\":1,\"name\":\"Home\",\"item\":\"https:\/\/atmis-au.org\/fr\/\"},{\"@type\":\"ListItem\",\"position\":2,\"name\":\"Ambassador Souef Mohamed El-Amine, SRCC and Head of ATMIS\"}]},{\"@type\":\"WebSite\",\"@id\":\"https:\/\/atmis-au.org\/fr\/#website\",\"url\":\"https:\/\/atmis-au.org\/fr\/\",\"name\":\"(EN) African Transition Mission in Somalia (ATMIS)\",\"description\":\"(EN) Supporting a Somali-led Peace and Security process\",\"publisher\":{\"@id\":\"https:\/\/atmis-au.org\/fr\/#organization\"},\"potentialAction\":[{\"@type\":\"SearchAction\",\"target\":{\"@type\":\"EntryPoint\",\"urlTemplate\":\"https:\/\/atmis-au.org\/fr\/?s={search_term_string}\"},\"query-input\":{\"@type\":\"PropertyValueSpecification\",\"valueRequired\":true,\"valueName\":\"search_term_string\"}}],\"inLanguage\":\"fr-FR\"},{\"@type\":\"Organization\",\"@id\":\"https:\/\/atmis-au.org\/fr\/#organization\",\"name\":\"African Transition Mission in Somalia (ATMIS)\",\"url\":\"https:\/\/atmis-au.org\/fr\/\",\"logo\":{\"@type\":\"ImageObject\",\"inLanguage\":\"fr-FR\",\"@id\":\"https:\/\/atmis-au.org\/fr\/#\/schema\/logo\/image\/\",\"url\":\"https:\/\/atmis-au.org\/wp-content\/uploads\/2022\/03\/ATMIS-logo.png\",\"contentUrl\":\"https:\/\/atmis-au.org\/wp-content\/uploads\/2022\/03\/ATMIS-logo.png\",\"width\":1562,\"height\":522,\"caption\":\"African Transition Mission in Somalia (ATMIS)\"},\"image\":{\"@id\":\"https:\/\/atmis-au.org\/fr\/#\/schema\/logo\/image\/\"},\"sameAs\":[\"https:\/\/facebook.com\/atmis.somalia\",\"https:\/\/x.com\/atmis_somalia\",\"https:\/\/www.instagram.com\/atmis_somalia\/\",\"https:\/\/www.youtube.com\/channel\/UCmFjQr9t7YHnCJjZqRflDBw\"]}]}<\/script>\n<!-- \/ Yoast SEO plugin. -->","yoast_head_json":{"title":"Le RSPC et Chef de Mission, l\u2019Ambassadeur Mohammed El-Amine Souef - (EN) African Transition Mission in Somalia (ATMIS)","description":"Ambassador Mohammed El-Amine Souef is the Special Representative of the Chairperson of the African Union Commission (SRCC) and the Head of the African Union Transition Mission in Somalia (ATMIS). He was appointed on 1st September 2022 by the Chairperson of the African Union Commission.","robots":{"index":"index","follow":"follow","max-snippet":"max-snippet:-1","max-image-preview":"max-image-preview:large","max-video-preview":"max-video-preview:-1"},"canonical":"https:\/\/atmis-au.org\/fr\/srcc-ambassador-mohammed-el-amine-souef\/","og_locale":"fr_FR","og_type":"article","og_title":"Le RSPC et Chef de Mission, l\u2019Ambassadeur Mohammed El-Amine Souef - (EN) African Transition Mission in Somalia (ATMIS)","og_description":"Ambassador Mohammed El-Amine Souef is the Special Representative of the Chairperson of the African Union Commission (SRCC) and the Head of the African Union Transition Mission in Somalia (ATMIS). He was appointed on 1st September 2022 by the Chairperson of the African Union Commission.","og_url":"https:\/\/atmis-au.org\/fr\/srcc-ambassador-mohammed-el-amine-souef\/","og_site_name":"(EN) African Transition Mission in Somalia (ATMIS)","article_publisher":"https:\/\/facebook.com\/atmis.somalia","article_modified_time":"2023-05-19T10:10:56+00:00","og_image":[{"width":1536,"height":1034,"url":"https:\/\/atmis-au.org\/wp-content\/uploads\/2022\/12\/SRCC-cover.jpg","type":"image\/jpeg"}],"twitter_card":"summary_large_image","twitter_site":"@atmis_somalia","twitter_misc":{"Dur\u00e9e de lecture estim\u00e9e":"2 minutes"},"schema":{"@context":"https:\/\/schema.org","@graph":[{"@type":"WebPage","@id":"https:\/\/atmis-au.org\/fr\/srcc-ambassador-mohammed-el-amine-souef\/","url":"https:\/\/atmis-au.org\/fr\/srcc-ambassador-mohammed-el-amine-souef\/","name":"Le RSPC et Chef de Mission, l\u2019Ambassadeur Mohammed El-Amine Souef - (EN) African Transition Mission in Somalia (ATMIS)","isPartOf":{"@id":"https:\/\/atmis-au.org\/fr\/#website"},"primaryImageOfPage":{"@id":"https:\/\/atmis-au.org\/fr\/srcc-ambassador-mohammed-el-amine-souef\/#primaryimage"},"image":{"@id":"https:\/\/atmis-au.org\/srcc-ambassador-mohammed-el-amine-souef\/#primaryimage"},"thumbnailUrl":"https:\/\/atmis-au.org\/wp-content\/uploads\/2022\/12\/SRCC-cover.jpg","datePublished":"2022-11-19T18:14:53+00:00","dateModified":"2023-05-19T10:10:56+00:00","description":"Ambassador Mohammed El-Amine Souef is the Special Representative of the Chairperson of the African Union Commission (SRCC) and the Head of the African Union Transition Mission in Somalia (ATMIS). He was appointed on 1st September 2022 by the Chairperson of the African Union Commission.","breadcrumb":{"@id":"https:\/\/atmis-au.org\/fr\/srcc-ambassador-mohammed-el-amine-souef\/#breadcrumb"},"inLanguage":"fr-FR","potentialAction":[{"@type":"ReadAction","target":[["https:\/\/atmis-au.org\/fr\/srcc-ambassador-mohammed-el-amine-souef\/"]]}]},{"@type":"ImageObject","inLanguage":"fr-FR","@id":"https:\/\/atmis-au.org\/fr\/srcc-ambassador-mohammed-el-amine-souef\/#primaryimage","url":"https:\/\/atmis-au.org\/wp-content\/uploads\/2022\/12\/SRCC-cover.jpg","contentUrl":"https:\/\/atmis-au.org\/wp-content\/uploads\/2022\/12\/SRCC-cover.jpg","width":1536,"height":1034,"caption":"SRCC Ambassador Mohammed El-Amine Souef"},{"@type":"BreadcrumbList","@id":"https:\/\/atmis-au.org\/fr\/srcc-ambassador-mohammed-el-amine-souef\/#breadcrumb","itemListElement":[{"@type":"ListItem","position":1,"name":"Home","item":"https:\/\/atmis-au.org\/fr\/"},{"@type":"ListItem","position":2,"name":"Ambassador Souef Mohamed El-Amine, SRCC and Head of ATMIS"}]},{"@type":"WebSite","@id":"https:\/\/atmis-au.org\/fr\/#website","url":"https:\/\/atmis-au.org\/fr\/","name":"(EN) African Transition Mission in Somalia (ATMIS)","description":"(EN) Supporting a Somali-led Peace and Security process","publisher":{"@id":"https:\/\/atmis-au.org\/fr\/#organization"},"potentialAction":[{"@type":"SearchAction","target":{"@type":"EntryPoint","urlTemplate":"https:\/\/atmis-au.org\/fr\/?s={search_term_string}"},"query-input":{"@type":"PropertyValueSpecification","valueRequired":true,"valueName":"search_term_string"}}],"inLanguage":"fr-FR"},{"@type":"Organization","@id":"https:\/\/atmis-au.org\/fr\/#organization","name":"African Transition Mission in Somalia (ATMIS)","url":"https:\/\/atmis-au.org\/fr\/","logo":{"@type":"ImageObject","inLanguage":"fr-FR","@id":"https:\/\/atmis-au.org\/fr\/#\/schema\/logo\/image\/","url":"https:\/\/atmis-au.org\/wp-content\/uploads\/2022\/03\/ATMIS-logo.png","contentUrl":"https:\/\/atmis-au.org\/wp-content\/uploads\/2022\/03\/ATMIS-logo.png","width":1562,"height":522,"caption":"African Transition Mission in Somalia (ATMIS)"},"image":{"@id":"https:\/\/atmis-au.org\/fr\/#\/schema\/logo\/image\/"},"sameAs":["https:\/\/facebook.com\/atmis.somalia","https:\/\/x.com\/atmis_somalia","https:\/\/www.instagram.com\/atmis_somalia\/","https:\/\/www.youtube.com\/channel\/UCmFjQr9t7YHnCJjZqRflDBw"]}]}},"_links":{"self":[{"href":"https:\/\/atmis-au.org\/fr\/wp-json\/wp\/v2\/pages\/2849","targetHints":{"allow":["GET"]}}],"collection":[{"href":"https:\/\/atmis-au.org\/fr\/wp-json\/wp\/v2\/pages"}],"about":[{"href":"https:\/\/atmis-au.org\/fr\/wp-json\/wp\/v2\/types\/page"}],"author":[{"embeddable":true,"href":"https:\/\/atmis-au.org\/fr\/wp-json\/wp\/v2\/users\/2"}],"replies":[{"embeddable":true,"href":"https:\/\/atmis-au.org\/fr\/wp-json\/wp\/v2\/comments?post=2849"}],"version-history":[{"count":10,"href":"https:\/\/atmis-au.org\/fr\/wp-json\/wp\/v2\/pages\/2849\/revisions"}],"predecessor-version":[{"id":3452,"href":"https:\/\/atmis-au.org\/fr\/wp-json\/wp\/v2\/pages\/2849\/revisions\/3452"}],"wp:featuredmedia":[{"embeddable":true,"href":"https:\/\/atmis-au.org\/fr\/wp-json\/wp\/v2\/media\/2943"}],"wp:attachment":[{"href":"https:\/\/atmis-au.org\/fr\/wp-json\/wp\/v2\/media?parent=2849"}],"curies":[{"name":"wp","href":"https:\/\/api.w.org\/{rel}","templated":true}]}}