{"id":2307,"date":"2022-06-03T19:29:57","date_gmt":"2022-06-03T16:29:57","guid":{"rendered":"https:\/\/atmis-au.org\/?page_id=2307"},"modified":"2022-06-03T19:33:26","modified_gmt":"2022-06-03T16:33:26","slug":"lt-gen-diomede-ndegeya","status":"publish","type":"page","link":"https:\/\/atmis-au.org\/fr\/lt-gen-diomede-ndegeya\/","title":{"rendered":"Lt. G\u00e9n. Diom\u00e8de Ndegeya"},"content":{"rendered":"Le Commandant de la Force actuel est le Lt-G\u00e9n Diom\u00e8de Ndegeya. Il occupe ce poste depuis ao\u00fbt 2020.<\/p>\n<p>Il est le deuxi\u00e8me officier Burundais \u00e0 occuper le poste apr\u00e8s le Lt-G\u00e9n Silas Ntigurirwa, qui a \u00e9t\u00e9 Commandant de la Force de 2013 \u00e0 2014.<\/p>\n<p>Le Lt-G\u00e9n Ndegeya est n\u00e9 au mois de d\u00e9cembre 1963 et sa carri\u00e8re militaire s&rsquo;\u00e9tend sur 40 ans.<\/p>\n<p>Il est admis \u00e0 la formation de candidats officiers \u00e0 l&rsquo;Institut Sup\u00e9rieur des Cadres Militaires (ISCAM) en ao\u00fbt 1982, \u00e0 l&rsquo;Acad\u00e9mie Militaire du Burundi.<\/p>\n<p>Avant de rejoindre l&rsquo;AMISOM, il \u00e9tait Conseiller Principal du Ministre de la D\u00e9fense du Burundi.<\/p>\n<p>Il a occup\u00e9 divers postes de commandement et de contr\u00f4le tant au niveau op\u00e9rationnel que strat\u00e9gique au sein de la Force de D\u00e9fense Nationale du Burundi (FDNB)<\/p>\n<p>De mai 2009 \u00e0 novembre 2012, il \u00e9tait le Chef Adjoint de la FDNB et membre permanent de la Commission Nationale de D\u00e9sarmement, D\u00e9mobilisation et R\u00e9int\u00e9gration (DDR) et de R\u00e9forme du Secteur de S\u00e9curit\u00e9 (RSS). Il a jou\u00e9 un r\u00f4le d\u00e9terminant dans la conception et la mise en \u0153uvre de la politique de RSS au Burundi.<\/p>\n<p>De 2007 \u00e0 2009, il \u00e9tait membre de l&rsquo;\u00e9quipe de pr\u00e9-d\u00e9ploiement FDNB-AMISOM. Il a fait \u00e9galement partie d&rsquo;une mission de reconnaissance dans les r\u00e9gions de Bay et de Bakool en Somalie avant le d\u00e9ploiement des troupes de l&rsquo;AMISOM dans ces r\u00e9gions.<\/p>\n<p>Il a \u00e9galement dirig\u00e9 le d\u00e9partement charg\u00e9 de la formation \u00e0 la FDNB et a assur\u00e9 la mise en \u0153uvre des strat\u00e9gies et programmes de consolidation de la paix pour d\u00e9mobiliser et r\u00e9int\u00e9grer les anciens combattants au Burundi.<\/p>\n<p>Il a \u00e9galement \u00e9t\u00e9 Attach\u00e9 de D\u00e9fense \u00e0 l&rsquo;Ambassade du Burundi au Caire, en \u00c9gypte.<\/p>\n<p>Le Lt-G\u00e9n Ndegeya est titulaire d&rsquo;une Ma\u00eetrise en sciences techniques et d&rsquo;une Licence en gestion et sciences \u00e9conomiques. Il a fait une formation \u00e0 l&rsquo;Institut d&rsquo;artillerie en Russie\u00a0; et a \u00e9tudi\u00e9 la strat\u00e9gie de commandement et de d\u00e9fense \u00e0 l&rsquo;Universit\u00e9 Chinoise de la D\u00e9fense et \u00e0 <em>l&rsquo;Institut des Hautes Etudes de D\u00e9fense Nationale (IHEDN)<\/em> en France.<\/p>\n<p>Il a publi\u00e9 plusieurs articles de recherche sur les missions de maintien de la paix en Afrique, notamment la gestion des soldats d&rsquo;infanterie, le maintien de la paix, la diplomatie de d\u00e9fense, le DDR et la RSS.","protected":false},"excerpt":{"rendered":"<p>Le Commandant de la Force actuel est le Lt-G\u00e9n Diom\u00e8de Ndegeya. Il occupe ce poste depuis ao\u00fbt 2020. Il est le deuxi\u00e8me officier Burundais \u00e0 occuper le poste apr\u00e8s le&hellip;<\/p>\n","protected":false},"author":2,"featured_media":2309,"parent":0,"menu_order":0,"comment_status":"closed","ping_status":"closed","template":"page-sidebar.php","meta":{"footnotes":""},"class_list":["post-2307","page","type-page","status-publish","has-post-thumbnail","hentry"],"yoast_head":"<!-- This site is optimized with the Yoast SEO plugin v26.9 - https:\/\/yoast.com\/product\/yoast-seo-wordpress\/ -->\n<title>Lt. G\u00e9n. Diom\u00e8de Ndegeya - (EN) African Transition Mission in Somalia (ATMIS)<\/title>\n<meta name=\"description\" content=\"The current Force Commander is Lt Gen. Diomede Ndegeya. He assumed the role in August 2020.He is the second Burundian senior military officer to serve in the rotational position after Lt. Gen. Silas Ntigurirwa, who was Force Commander from 2013 and 2014.Lt. Gen. Ndegeya was born in December 1963, and career in the military spans 40 years.\" \/>\n<meta name=\"robots\" content=\"index, follow, max-snippet:-1, max-image-preview:large, max-video-preview:-1\" \/>\n<link rel=\"canonical\" href=\"https:\/\/atmis-au.org\/fr\/lt-gen-diomede-ndegeya\/\" \/>\n<meta property=\"og:locale\" content=\"fr_FR\" \/>\n<meta property=\"og:type\" content=\"article\" \/>\n<meta property=\"og:title\" content=\"Lt. G\u00e9n. Diom\u00e8de Ndegeya - (EN) African Transition Mission in Somalia (ATMIS)\" \/>\n<meta property=\"og:description\" content=\"The current Force Commander is Lt Gen. Diomede Ndegeya. He assumed the role in August 2020.He is the second Burundian senior military officer to serve in the rotational position after Lt. Gen. Silas Ntigurirwa, who was Force Commander from 2013 and 2014.Lt. Gen. Ndegeya was born in December 1963, and career in the military spans 40 years.\" \/>\n<meta property=\"og:url\" content=\"https:\/\/atmis-au.org\/fr\/lt-gen-diomede-ndegeya\/\" \/>\n<meta property=\"og:site_name\" content=\"(EN) African Transition Mission in Somalia (ATMIS)\" \/>\n<meta property=\"article:publisher\" content=\"https:\/\/facebook.com\/atmis.somalia\" \/>\n<meta property=\"article:modified_time\" content=\"2022-06-03T16:33:26+00:00\" \/>\n<meta property=\"og:image\" content=\"https:\/\/atmis-au.org\/wp-content\/uploads\/2022\/06\/Fcommander.jpg\" \/>\n\t<meta property=\"og:image:width\" content=\"1170\" \/>\n\t<meta property=\"og:image:height\" content=\"730\" \/>\n\t<meta property=\"og:image:type\" content=\"image\/jpeg\" \/>\n<meta name=\"twitter:card\" content=\"summary_large_image\" \/>\n<meta name=\"twitter:site\" content=\"@atmis_somalia\" \/>\n<meta name=\"twitter:label1\" content=\"Dur\u00e9e de lecture estim\u00e9e\" \/>\n\t<meta name=\"twitter:data1\" content=\"2 minutes\" \/>\n<script type=\"application\/ld+json\" class=\"yoast-schema-graph\">{\"@context\":\"https:\/\/schema.org\",\"@graph\":[{\"@type\":\"WebPage\",\"@id\":\"https:\/\/atmis-au.org\/fr\/lt-gen-diomede-ndegeya\/\",\"url\":\"https:\/\/atmis-au.org\/fr\/lt-gen-diomede-ndegeya\/\",\"name\":\"Lt. G\u00e9n. Diom\u00e8de Ndegeya - (EN) African Transition Mission in Somalia (ATMIS)\",\"isPartOf\":{\"@id\":\"https:\/\/atmis-au.org\/fr\/#website\"},\"primaryImageOfPage\":{\"@id\":\"https:\/\/atmis-au.org\/fr\/lt-gen-diomede-ndegeya\/#primaryimage\"},\"image\":{\"@id\":\"https:\/\/atmis-au.org\/lt-gen-diomede-ndegeya\/#primaryimage\"},\"thumbnailUrl\":\"https:\/\/atmis-au.org\/wp-content\/uploads\/2022\/06\/Fcommander.jpg\",\"datePublished\":\"2022-06-03T16:29:57+00:00\",\"dateModified\":\"2022-06-03T16:33:26+00:00\",\"description\":\"The current Force Commander is Lt Gen. Diomede Ndegeya. He assumed the role in August 2020.He is the second Burundian senior military officer to serve in the rotational position after Lt. Gen. Silas Ntigurirwa, who was Force Commander from 2013 and 2014.Lt. Gen. Ndegeya was born in December 1963, and career in the military spans 40 years.\",\"breadcrumb\":{\"@id\":\"https:\/\/atmis-au.org\/fr\/lt-gen-diomede-ndegeya\/#breadcrumb\"},\"inLanguage\":\"fr-FR\",\"potentialAction\":[{\"@type\":\"ReadAction\",\"target\":[[\"https:\/\/atmis-au.org\/fr\/lt-gen-diomede-ndegeya\/\"]]}]},{\"@type\":\"ImageObject\",\"inLanguage\":\"fr-FR\",\"@id\":\"https:\/\/atmis-au.org\/fr\/lt-gen-diomede-ndegeya\/#primaryimage\",\"url\":\"https:\/\/atmis-au.org\/wp-content\/uploads\/2022\/06\/Fcommander.jpg\",\"contentUrl\":\"https:\/\/atmis-au.org\/wp-content\/uploads\/2022\/06\/Fcommander.jpg\",\"width\":1170,\"height\":730},{\"@type\":\"BreadcrumbList\",\"@id\":\"https:\/\/atmis-au.org\/fr\/lt-gen-diomede-ndegeya\/#breadcrumb\",\"itemListElement\":[{\"@type\":\"ListItem\",\"position\":1,\"name\":\"Home\",\"item\":\"https:\/\/atmis-au.org\/fr\/\"},{\"@type\":\"ListItem\",\"position\":2,\"name\":\"Lt. G\u00e9n. Diom\u00e8de Ndegeya\"}]},{\"@type\":\"WebSite\",\"@id\":\"https:\/\/atmis-au.org\/fr\/#website\",\"url\":\"https:\/\/atmis-au.org\/fr\/\",\"name\":\"(EN) African Transition Mission in Somalia (ATMIS)\",\"description\":\"(EN) Supporting a Somali-led Peace and Security process\",\"publisher\":{\"@id\":\"https:\/\/atmis-au.org\/fr\/#organization\"},\"potentialAction\":[{\"@type\":\"SearchAction\",\"target\":{\"@type\":\"EntryPoint\",\"urlTemplate\":\"https:\/\/atmis-au.org\/fr\/?s={search_term_string}\"},\"query-input\":{\"@type\":\"PropertyValueSpecification\",\"valueRequired\":true,\"valueName\":\"search_term_string\"}}],\"inLanguage\":\"fr-FR\"},{\"@type\":\"Organization\",\"@id\":\"https:\/\/atmis-au.org\/fr\/#organization\",\"name\":\"African Transition Mission in Somalia (ATMIS)\",\"url\":\"https:\/\/atmis-au.org\/fr\/\",\"logo\":{\"@type\":\"ImageObject\",\"inLanguage\":\"fr-FR\",\"@id\":\"https:\/\/atmis-au.org\/fr\/#\/schema\/logo\/image\/\",\"url\":\"https:\/\/atmis-au.org\/wp-content\/uploads\/2022\/03\/ATMIS-logo.png\",\"contentUrl\":\"https:\/\/atmis-au.org\/wp-content\/uploads\/2022\/03\/ATMIS-logo.png\",\"width\":1562,\"height\":522,\"caption\":\"African Transition Mission in Somalia (ATMIS)\"},\"image\":{\"@id\":\"https:\/\/atmis-au.org\/fr\/#\/schema\/logo\/image\/\"},\"sameAs\":[\"https:\/\/facebook.com\/atmis.somalia\",\"https:\/\/x.com\/atmis_somalia\",\"https:\/\/www.instagram.com\/atmis_somalia\/\",\"https:\/\/www.youtube.com\/channel\/UCmFjQr9t7YHnCJjZqRflDBw\"]}]}<\/script>\n<!-- \/ Yoast SEO plugin. -->","yoast_head_json":{"title":"Lt. G\u00e9n. Diom\u00e8de Ndegeya - (EN) African Transition Mission in Somalia (ATMIS)","description":"The current Force Commander is Lt Gen. Diomede Ndegeya. He assumed the role in August 2020.He is the second Burundian senior military officer to serve in the rotational position after Lt. Gen. Silas Ntigurirwa, who was Force Commander from 2013 and 2014.Lt. Gen. Ndegeya was born in December 1963, and career in the military spans 40 years.","robots":{"index":"index","follow":"follow","max-snippet":"max-snippet:-1","max-image-preview":"max-image-preview:large","max-video-preview":"max-video-preview:-1"},"canonical":"https:\/\/atmis-au.org\/fr\/lt-gen-diomede-ndegeya\/","og_locale":"fr_FR","og_type":"article","og_title":"Lt. G\u00e9n. Diom\u00e8de Ndegeya - (EN) African Transition Mission in Somalia (ATMIS)","og_description":"The current Force Commander is Lt Gen. Diomede Ndegeya. He assumed the role in August 2020.He is the second Burundian senior military officer to serve in the rotational position after Lt. Gen. Silas Ntigurirwa, who was Force Commander from 2013 and 2014.Lt. Gen. Ndegeya was born in December 1963, and career in the military spans 40 years.","og_url":"https:\/\/atmis-au.org\/fr\/lt-gen-diomede-ndegeya\/","og_site_name":"(EN) African Transition Mission in Somalia (ATMIS)","article_publisher":"https:\/\/facebook.com\/atmis.somalia","article_modified_time":"2022-06-03T16:33:26+00:00","og_image":[{"width":1170,"height":730,"url":"https:\/\/atmis-au.org\/wp-content\/uploads\/2022\/06\/Fcommander.jpg","type":"image\/jpeg"}],"twitter_card":"summary_large_image","twitter_site":"@atmis_somalia","twitter_misc":{"Dur\u00e9e de lecture estim\u00e9e":"2 minutes"},"schema":{"@context":"https:\/\/schema.org","@graph":[{"@type":"WebPage","@id":"https:\/\/atmis-au.org\/fr\/lt-gen-diomede-ndegeya\/","url":"https:\/\/atmis-au.org\/fr\/lt-gen-diomede-ndegeya\/","name":"Lt. G\u00e9n. Diom\u00e8de Ndegeya - (EN) African Transition Mission in Somalia (ATMIS)","isPartOf":{"@id":"https:\/\/atmis-au.org\/fr\/#website"},"primaryImageOfPage":{"@id":"https:\/\/atmis-au.org\/fr\/lt-gen-diomede-ndegeya\/#primaryimage"},"image":{"@id":"https:\/\/atmis-au.org\/lt-gen-diomede-ndegeya\/#primaryimage"},"thumbnailUrl":"https:\/\/atmis-au.org\/wp-content\/uploads\/2022\/06\/Fcommander.jpg","datePublished":"2022-06-03T16:29:57+00:00","dateModified":"2022-06-03T16:33:26+00:00","description":"The current Force Commander is Lt Gen. Diomede Ndegeya. He assumed the role in August 2020.He is the second Burundian senior military officer to serve in the rotational position after Lt. Gen. Silas Ntigurirwa, who was Force Commander from 2013 and 2014.Lt. Gen. Ndegeya was born in December 1963, and career in the military spans 40 years.","breadcrumb":{"@id":"https:\/\/atmis-au.org\/fr\/lt-gen-diomede-ndegeya\/#breadcrumb"},"inLanguage":"fr-FR","potentialAction":[{"@type":"ReadAction","target":[["https:\/\/atmis-au.org\/fr\/lt-gen-diomede-ndegeya\/"]]}]},{"@type":"ImageObject","inLanguage":"fr-FR","@id":"https:\/\/atmis-au.org\/fr\/lt-gen-diomede-ndegeya\/#primaryimage","url":"https:\/\/atmis-au.org\/wp-content\/uploads\/2022\/06\/Fcommander.jpg","contentUrl":"https:\/\/atmis-au.org\/wp-content\/uploads\/2022\/06\/Fcommander.jpg","width":1170,"height":730},{"@type":"BreadcrumbList","@id":"https:\/\/atmis-au.org\/fr\/lt-gen-diomede-ndegeya\/#breadcrumb","itemListElement":[{"@type":"ListItem","position":1,"name":"Home","item":"https:\/\/atmis-au.org\/fr\/"},{"@type":"ListItem","position":2,"name":"Lt. G\u00e9n. Diom\u00e8de Ndegeya"}]},{"@type":"WebSite","@id":"https:\/\/atmis-au.org\/fr\/#website","url":"https:\/\/atmis-au.org\/fr\/","name":"(EN) African Transition Mission in Somalia (ATMIS)","description":"(EN) Supporting a Somali-led Peace and Security process","publisher":{"@id":"https:\/\/atmis-au.org\/fr\/#organization"},"potentialAction":[{"@type":"SearchAction","target":{"@type":"EntryPoint","urlTemplate":"https:\/\/atmis-au.org\/fr\/?s={search_term_string}"},"query-input":{"@type":"PropertyValueSpecification","valueRequired":true,"valueName":"search_term_string"}}],"inLanguage":"fr-FR"},{"@type":"Organization","@id":"https:\/\/atmis-au.org\/fr\/#organization","name":"African Transition Mission in Somalia (ATMIS)","url":"https:\/\/atmis-au.org\/fr\/","logo":{"@type":"ImageObject","inLanguage":"fr-FR","@id":"https:\/\/atmis-au.org\/fr\/#\/schema\/logo\/image\/","url":"https:\/\/atmis-au.org\/wp-content\/uploads\/2022\/03\/ATMIS-logo.png","contentUrl":"https:\/\/atmis-au.org\/wp-content\/uploads\/2022\/03\/ATMIS-logo.png","width":1562,"height":522,"caption":"African Transition Mission in Somalia (ATMIS)"},"image":{"@id":"https:\/\/atmis-au.org\/fr\/#\/schema\/logo\/image\/"},"sameAs":["https:\/\/facebook.com\/atmis.somalia","https:\/\/x.com\/atmis_somalia","https:\/\/www.instagram.com\/atmis_somalia\/","https:\/\/www.youtube.com\/channel\/UCmFjQr9t7YHnCJjZqRflDBw"]}]}},"_links":{"self":[{"href":"https:\/\/atmis-au.org\/fr\/wp-json\/wp\/v2\/pages\/2307","targetHints":{"allow":["GET"]}}],"collection":[{"href":"https:\/\/atmis-au.org\/fr\/wp-json\/wp\/v2\/pages"}],"about":[{"href":"https:\/\/atmis-au.org\/fr\/wp-json\/wp\/v2\/types\/page"}],"author":[{"embeddable":true,"href":"https:\/\/atmis-au.org\/fr\/wp-json\/wp\/v2\/users\/2"}],"replies":[{"embeddable":true,"href":"https:\/\/atmis-au.org\/fr\/wp-json\/wp\/v2\/comments?post=2307"}],"version-history":[{"count":0,"href":"https:\/\/atmis-au.org\/fr\/wp-json\/wp\/v2\/pages\/2307\/revisions"}],"wp:featuredmedia":[{"embeddable":true,"href":"https:\/\/atmis-au.org\/fr\/wp-json\/wp\/v2\/media\/2309"}],"wp:attachment":[{"href":"https:\/\/atmis-au.org\/fr\/wp-json\/wp\/v2\/media?parent=2307"}],"curies":[{"name":"wp","href":"https:\/\/api.w.org\/{rel}","templated":true}]}}