{"id":1547,"date":"2022-03-24T19:52:42","date_gmt":"2022-03-24T19:52:42","guid":{"rendered":"https:\/\/atmis-au.org\/?page_id=1547"},"modified":"2024-05-15T15:49:47","modified_gmt":"2024-05-15T12:49:47","slug":"police-component","status":"publish","type":"page","link":"https:\/\/atmis-au.org\/fr\/police-component\/","title":{"rendered":"Composante police"},"content":{"rendered":"\t\t<div data-elementor-type=\"wp-page\" data-elementor-id=\"1547\" class=\"elementor elementor-1547\">\n\t\t\t\t\t\t<section class=\"penci-section penci-disSticky penci-structure-10 elementor-section elementor-top-section elementor-element elementor-element-47b1b5ce elementor-section-boxed elementor-section-height-default elementor-section-height-default\" data-id=\"47b1b5ce\" data-element_type=\"section\">\n\t\t\t\t\t\t<div class=\"elementor-container elementor-column-gap-default\">\n\t\t\t\t\t<div class=\"penci-ercol-100 penci-ercol-order-1 penci-sticky-ct    elementor-column elementor-col-100 elementor-top-column elementor-element elementor-element-4d10ae2\" data-id=\"4d10ae2\" data-element_type=\"column\">\n\t\t\t<div class=\"elementor-widget-wrap elementor-element-populated\">\n\t\t\t\t\t\t<div class=\"elementor-element elementor-element-7ccb2028 elementor-widget elementor-widget-text-editor\" data-id=\"7ccb2028\" data-element_type=\"widget\" data-widget_type=\"text-editor.default\">\n\t\t\t\t<div class=\"elementor-widget-container\">\n\t\t\t\t\t\t\t\t\t<p><\/p>\n\n<p>La composante police comptera 1 040 personnes, dont cinq Unit\u00e9s de Police Constitu\u00e9es (FPU), et maintiendra ce nombre jusqu&rsquo;en d\u00e9cembre 2024.<\/p>\n<p>Les pays contributeurs de police (PCP) comprennent le Ghana, le Kenya, le Nig\u00e9ria, la Sierra Leone, l&rsquo;Ouganda et la Zambie, qui sont d\u00e9ploy\u00e9s dans cinq secteurs d\u2019op\u00e9rations.<\/p>\n<p>La Police de l\u2019ATMIS a pour mandat de :<\/p>\n<p>a) aider les Forces de S\u00e9curit\u00e9 Somaliennes \u00e0 ouvrir les principales routes d&rsquo;approvisionnement (MSR), y compris vers les zones r\u00e9cup\u00e9r\u00e9es d&rsquo;Al-Shabaab\u00a0; assurer le respect des r\u00e8gles d&rsquo;engagement, du droit international humanitaire (DIH), du droit international des droits de l&rsquo;homme (DIDH) et de toutes les meilleures pratiques internationales\u00a0;<\/p>\n<p>(b) appuyer la formation sp\u00e9cialis\u00e9e, conseiller et encadrer, et fournir un appui op\u00e9rationnel, y compris des patrouilles conjointes et la protection des installations vitales, \u00e0 la police somalienne conform\u00e9ment au Plan de Transition pour la Somalie\u00a0;<\/p>\n<p>(c) appuyer la capacit\u00e9 de prestation de services de la police somalienne dans la fourniture de services de police \u00e0 travers la Somalie gr\u00e2ce \u00e0 la g\u00e9n\u00e9ration et au d\u00e9ploiement de policiers\u00a0;<\/p>\n<p>(d) Appuyer les partenariats police-public pour une r\u00e9silience accrue \u00e0 la radicalisation menant \u00e0 la violence, \u00e0 l&rsquo;extr\u00e9misme violent et aux troubles sociaux par le biais de la police de proximit\u00e9 et soutenir les efforts de la Police Somalienne (SPF) dans le respect du DIH, du DIDH, de la paix des femmes et des r\u00e9solutions de s\u00e9curit\u00e9, et des normes de conduite et de discipline ;<\/p>\n<p>\u00a0(e) entreprendre des activit\u00e9s pour soutenir les composantes de l\u2018ATMIS, ainsi que les Forces de S\u00e9curit\u00e9 Somaliennes op\u00e9rant conjointement avec l\u2018ATMIS, afin de mener \u00e0 bien leurs op\u00e9rations dans le plein respect des obligations en vertu du DIH, du DIDH et conform\u00e9ment \u00e0 la politique de diligence raisonnable en mati\u00e8re de Droits de l&rsquo;Homme sur le Soutien des Nations Unies aux Forces de S\u00e9curit\u00e9 Non Onusiennes (HRDDP), ainsi que dans le respect du cadre de conformit\u00e9 et de responsabilit\u00e9 de l&rsquo;Union Africaine pour les op\u00e9rations de soutien \u00e0 la paix ;<\/p>\n<p>\u00a0(f) appuyer les initiatives de relance pr\u00e9coce dans les zones nouvellement r\u00e9cup\u00e9r\u00e9es et la liaison humanitaire;<\/p>\n<p>\u00a0(l) appuyer la mise en \u0153uvre de la strat\u00e9gie nationale somalienne de stabilisation ;<\/p>\n<p>(m) appuyer la mise en \u0153uvre des priorit\u00e9s du Plan de Transition pour la Somalie et fournir le soutien n\u00e9cessaire \u00e0 la r\u00e9alisation des objectifs de l&rsquo;ATMIS.<\/p>\n\n<p>\u00a0<\/p>\n\n<h2 class=\"wp-block-heading\">Police Contributing Countries<\/h2>\n\n<div class=\"wp-block-columns\">\n<div class=\"wp-block-column is-layout-flow wp-block-column-is-layout-flow\">\n<figure class=\"wp-block-image size-full\"><img fetchpriority=\"high\" decoding=\"async\" width=\"800\" height=\"533\" class=\"wp-image-1763\" src=\"https:\/\/atmis-au.org\/wp-content\/uploads\/2022\/03\/Ghana.jpeg\" alt=\"\" srcset=\"https:\/\/atmis-au.org\/wp-content\/uploads\/2022\/03\/Ghana.jpeg 800w, https:\/\/atmis-au.org\/wp-content\/uploads\/2022\/03\/Ghana-300x200.jpeg 300w, https:\/\/atmis-au.org\/wp-content\/uploads\/2022\/03\/Ghana-768x512.jpeg 768w, https:\/\/atmis-au.org\/wp-content\/uploads\/2022\/03\/Ghana-585x390.jpeg 585w, https:\/\/atmis-au.org\/wp-content\/uploads\/2022\/03\/Ghana-263x175.jpeg 263w\" sizes=\"(max-width: 800px) 100vw, 800px\" \/>\n<figcaption>Ghana<\/figcaption>\n<\/figure>\n<\/div>\n\n<div class=\"wp-block-column is-layout-flow wp-block-column-is-layout-flow\">\n<figure class=\"wp-block-image size-full\"><img decoding=\"async\" width=\"800\" height=\"400\" class=\"wp-image-1765\" src=\"https:\/\/atmis-au.org\/wp-content\/uploads\/2022\/03\/Nigeria.jpeg\" alt=\"\" srcset=\"https:\/\/atmis-au.org\/wp-content\/uploads\/2022\/03\/Nigeria.jpeg 800w, https:\/\/atmis-au.org\/wp-content\/uploads\/2022\/03\/Nigeria-300x150.jpeg 300w, https:\/\/atmis-au.org\/wp-content\/uploads\/2022\/03\/Nigeria-768x384.jpeg 768w, https:\/\/atmis-au.org\/wp-content\/uploads\/2022\/03\/Nigeria-585x293.jpeg 585w\" sizes=\"(max-width: 800px) 100vw, 800px\" \/>\n<figcaption>Nigeria<\/figcaption>\n<\/figure>\n<\/div>\n\n<div class=\"wp-block-column is-layout-flow wp-block-column-is-layout-flow\">\n<figure class=\"wp-block-image size-full\"><img decoding=\"async\" width=\"800\" height=\"533\" class=\"wp-image-1766\" src=\"https:\/\/atmis-au.org\/wp-content\/uploads\/2022\/03\/Sierra_Leone.png\" alt=\"\" srcset=\"https:\/\/atmis-au.org\/wp-content\/uploads\/2022\/03\/Sierra_Leone.png 800w, https:\/\/atmis-au.org\/wp-content\/uploads\/2022\/03\/Sierra_Leone-300x200.png 300w, https:\/\/atmis-au.org\/wp-content\/uploads\/2022\/03\/Sierra_Leone-768x512.png 768w, https:\/\/atmis-au.org\/wp-content\/uploads\/2022\/03\/Sierra_Leone-585x390.png 585w, https:\/\/atmis-au.org\/wp-content\/uploads\/2022\/03\/Sierra_Leone-263x175.png 263w\" sizes=\"(max-width: 800px) 100vw, 800px\" \/>\n<figcaption>Sierra Leone<\/figcaption>\n<\/figure>\n<\/div>\n\n<div class=\"wp-block-column is-layout-flow wp-block-column-is-layout-flow\">\n<figure class=\"wp-block-image size-full\"><img loading=\"lazy\" decoding=\"async\" width=\"800\" height=\"533\" class=\"wp-image-1767\" src=\"https:\/\/atmis-au.org\/wp-content\/uploads\/2022\/03\/Uganda.jpeg\" alt=\"\" srcset=\"https:\/\/atmis-au.org\/wp-content\/uploads\/2022\/03\/Uganda.jpeg 800w, https:\/\/atmis-au.org\/wp-content\/uploads\/2022\/03\/Uganda-300x200.jpeg 300w, https:\/\/atmis-au.org\/wp-content\/uploads\/2022\/03\/Uganda-768x512.jpeg 768w, https:\/\/atmis-au.org\/wp-content\/uploads\/2022\/03\/Uganda-585x390.jpeg 585w, https:\/\/atmis-au.org\/wp-content\/uploads\/2022\/03\/Uganda-263x175.jpeg 263w\" sizes=\"(max-width: 800px) 100vw, 800px\" \/>\n<figcaption>Uganda<\/figcaption>\n<\/figure>\n<\/div>\n<\/div>\n\n<p><\/p>\n<div id=\"pip-toast\">\u00a0<\/div>\t\t\t\t\t\t\t\t<\/div>\n\t\t\t\t<\/div>\n\t\t\t\t\t<\/div>\n\t\t<\/div>\n\t\t\t\t\t<\/div>\n\t\t<\/section>\n\t\t\n<p>\u00a0<\/p>\n\n<div class=\"wp-block-columns is-layout-flex wp-container-core-columns-is-layout-9d6595d7 wp-block-columns-is-layout-flex\"><!-- wp:column -->\n<div class=\"wp-block-column\"><!-- wp:image {\"id\":1763,\"sizeSlug\":\"full\",\"linkDestination\":\"none\"} -->\n<figure class=\"wp-block-image size-full\"><img fetchpriority=\"high\" decoding=\"async\" width=\"800\" height=\"533\" class=\"wp-image-1763\" src=\"https:\/\/atmis-au.org\/wp-content\/uploads\/2022\/03\/Ghana.jpeg\" alt=\"\" srcset=\"https:\/\/atmis-au.org\/wp-content\/uploads\/2022\/03\/Ghana.jpeg 800w, https:\/\/atmis-au.org\/wp-content\/uploads\/2022\/03\/Ghana-300x200.jpeg 300w, https:\/\/atmis-au.org\/wp-content\/uploads\/2022\/03\/Ghana-768x512.jpeg 768w, https:\/\/atmis-au.org\/wp-content\/uploads\/2022\/03\/Ghana-585x390.jpeg 585w, https:\/\/atmis-au.org\/wp-content\/uploads\/2022\/03\/Ghana-263x175.jpeg 263w\" sizes=\"(max-width: 800px) 100vw, 800px\" \/>\n<figcaption>Ghana<\/figcaption>\n<\/figure>\n<\/div>\n<!-- \/wp:column --><!-- wp:column -->\n<div class=\"wp-block-column\"><!-- wp:image {\"id\":1765,\"sizeSlug\":\"full\",\"linkDestination\":\"none\"} -->\n<figure class=\"wp-block-image size-full\"><img decoding=\"async\" width=\"800\" height=\"400\" class=\"wp-image-1765\" src=\"https:\/\/atmis-au.org\/wp-content\/uploads\/2022\/03\/Nigeria.jpeg\" alt=\"\" srcset=\"https:\/\/atmis-au.org\/wp-content\/uploads\/2022\/03\/Nigeria.jpeg 800w, https:\/\/atmis-au.org\/wp-content\/uploads\/2022\/03\/Nigeria-300x150.jpeg 300w, https:\/\/atmis-au.org\/wp-content\/uploads\/2022\/03\/Nigeria-768x384.jpeg 768w, https:\/\/atmis-au.org\/wp-content\/uploads\/2022\/03\/Nigeria-585x293.jpeg 585w\" sizes=\"(max-width: 800px) 100vw, 800px\" \/>\n<figcaption>Nigeria<\/figcaption>\n<\/figure>\n<!-- \/wp:image --><\/div>\n<!-- \/wp:column --><!-- wp:column -->\n<div class=\"wp-block-column\"><!-- wp:image {\"id\":1766,\"sizeSlug\":\"full\",\"linkDestination\":\"none\"} -->\n<figure class=\"wp-block-image size-full\"><img decoding=\"async\" width=\"800\" height=\"533\" class=\"wp-image-1766\" src=\"https:\/\/atmis-au.org\/wp-content\/uploads\/2022\/03\/Sierra_Leone.png\" alt=\"\" srcset=\"https:\/\/atmis-au.org\/wp-content\/uploads\/2022\/03\/Sierra_Leone.png 800w, https:\/\/atmis-au.org\/wp-content\/uploads\/2022\/03\/Sierra_Leone-300x200.png 300w, https:\/\/atmis-au.org\/wp-content\/uploads\/2022\/03\/Sierra_Leone-768x512.png 768w, https:\/\/atmis-au.org\/wp-content\/uploads\/2022\/03\/Sierra_Leone-585x390.png 585w, https:\/\/atmis-au.org\/wp-content\/uploads\/2022\/03\/Sierra_Leone-263x175.png 263w\" sizes=\"(max-width: 800px) 100vw, 800px\" \/>\n<figcaption>Sierra Leone<\/figcaption>\n<\/figure>\n<!-- \/wp:image --><\/div>\n<!-- \/wp:column --><!-- wp:column -->\n<div class=\"wp-block-column\"><!-- wp:image {\"id\":1767,\"sizeSlug\":\"full\",\"linkDestination\":\"none\"} -->\n<figure class=\"wp-block-image size-full\"><img loading=\"lazy\" decoding=\"async\" width=\"800\" height=\"533\" class=\"wp-image-1767\" src=\"https:\/\/atmis-au.org\/wp-content\/uploads\/2022\/03\/Uganda.jpeg\" alt=\"\" srcset=\"https:\/\/atmis-au.org\/wp-content\/uploads\/2022\/03\/Uganda.jpeg 800w, https:\/\/atmis-au.org\/wp-content\/uploads\/2022\/03\/Uganda-300x200.jpeg 300w, https:\/\/atmis-au.org\/wp-content\/uploads\/2022\/03\/Uganda-768x512.jpeg 768w, https:\/\/atmis-au.org\/wp-content\/uploads\/2022\/03\/Uganda-585x390.jpeg 585w, https:\/\/atmis-au.org\/wp-content\/uploads\/2022\/03\/Uganda-263x175.jpeg 263w\" sizes=\"(max-width: 800px) 100vw, 800px\" \/>\n<figcaption>Uganda<\/figcaption>\n<\/figure>\n<\/div>\n<!-- \/wp:column --><\/div>\n<!-- \/wp:columns -->\n<p><\/p>\n<div id=\"pip-toast\">\u00a0<\/div>\t\t\t\t\t\t\t\t<\/div>\n\t\t\t\t<\/div>\n\t\t\t\t\t<\/div>\n\t\t<\/div>\n\t\t\t\t\t<\/div>\n\t\t<\/section>\n\t\t\t\t<\/div>\n\t\t","protected":false},"excerpt":{"rendered":"<p>Ghana Nigeria Sierra Leone Uganda \u00a0 &nbsp; Qaybta Booliisku waxay yeelan doontaa 1,040 shaqaale, oo ay ku jiraan shan Unug Boolis ee La Sameeyey (FPUs), waxayna sii lahaan doonaan tiradaasi&hellip;<\/p>\n","protected":false},"author":1,"featured_media":1795,"parent":0,"menu_order":0,"comment_status":"closed","ping_status":"closed","template":"","meta":{"footnotes":""},"class_list":["post-1547","page","type-page","status-publish","has-post-thumbnail","hentry"],"yoast_head":"<!-- This site is optimized with the Yoast SEO plugin v26.9 - https:\/\/yoast.com\/product\/yoast-seo-wordpress\/ -->\n<title>Composante police - (EN) African Transition Mission in Somalia (ATMIS)<\/title>\n<meta name=\"description\" content=\"The Police component will have 1040 personnel, including five Formed Police Units and will maintain that number until December 2024.\" \/>\n<meta name=\"robots\" content=\"index, follow, max-snippet:-1, max-image-preview:large, max-video-preview:-1\" \/>\n<link rel=\"canonical\" href=\"https:\/\/atmis-au.org\/fr\/police-component\/\" \/>\n<meta property=\"og:locale\" content=\"fr_FR\" \/>\n<meta property=\"og:type\" content=\"article\" \/>\n<meta property=\"og:title\" content=\"Composante police - (EN) African Transition Mission in Somalia (ATMIS)\" \/>\n<meta property=\"og:description\" content=\"The Police component will have 1040 personnel, including five Formed Police Units and will maintain that number until December 2024.\" \/>\n<meta property=\"og:url\" content=\"https:\/\/atmis-au.org\/fr\/police-component\/\" \/>\n<meta property=\"og:site_name\" content=\"(EN) African Transition Mission in Somalia (ATMIS)\" \/>\n<meta property=\"article:publisher\" content=\"https:\/\/facebook.com\/atmis.somalia\" \/>\n<meta property=\"article:modified_time\" content=\"2024-05-15T12:49:47+00:00\" \/>\n<meta property=\"og:image\" content=\"https:\/\/atmis-au.org\/wp-content\/uploads\/2022\/03\/51330064916_2637d67958_k.jpg\" \/>\n\t<meta property=\"og:image:width\" content=\"2048\" \/>\n\t<meta property=\"og:image:height\" content=\"1365\" \/>\n\t<meta property=\"og:image:type\" content=\"image\/jpeg\" \/>\n<meta name=\"twitter:card\" content=\"summary_large_image\" \/>\n<meta name=\"twitter:site\" content=\"@atmis_somalia\" \/>\n<meta name=\"twitter:label1\" content=\"Dur\u00e9e de lecture estim\u00e9e\" \/>\n\t<meta name=\"twitter:data1\" content=\"3 minutes\" \/>\n<script type=\"application\/ld+json\" class=\"yoast-schema-graph\">{\"@context\":\"https:\/\/schema.org\",\"@graph\":[{\"@type\":\"WebPage\",\"@id\":\"https:\/\/atmis-au.org\/fr\/police-component\/\",\"url\":\"https:\/\/atmis-au.org\/fr\/police-component\/\",\"name\":\"Composante police - (EN) African Transition Mission in Somalia (ATMIS)\",\"isPartOf\":{\"@id\":\"https:\/\/atmis-au.org\/fr\/#website\"},\"primaryImageOfPage\":{\"@id\":\"https:\/\/atmis-au.org\/fr\/police-component\/#primaryimage\"},\"image\":{\"@id\":\"https:\/\/atmis-au.org\/police-component\/#primaryimage\"},\"thumbnailUrl\":\"https:\/\/atmis-au.org\/wp-content\/uploads\/2022\/03\/51330064916_2637d67958_k.jpg\",\"datePublished\":\"2022-03-24T19:52:42+00:00\",\"dateModified\":\"2024-05-15T12:49:47+00:00\",\"description\":\"The Police component will have 1040 personnel, including five Formed Police Units and will maintain that number until December 2024.\",\"breadcrumb\":{\"@id\":\"https:\/\/atmis-au.org\/fr\/police-component\/#breadcrumb\"},\"inLanguage\":\"fr-FR\",\"potentialAction\":[{\"@type\":\"ReadAction\",\"target\":[[\"https:\/\/atmis-au.org\/fr\/police-component\/\"]]}]},{\"@type\":\"ImageObject\",\"inLanguage\":\"fr-FR\",\"@id\":\"https:\/\/atmis-au.org\/fr\/police-component\/#primaryimage\",\"url\":\"https:\/\/atmis-au.org\/wp-content\/uploads\/2022\/03\/51330064916_2637d67958_k.jpg\",\"contentUrl\":\"https:\/\/atmis-au.org\/wp-content\/uploads\/2022\/03\/51330064916_2637d67958_k.jpg\",\"width\":2048,\"height\":1365},{\"@type\":\"BreadcrumbList\",\"@id\":\"https:\/\/atmis-au.org\/fr\/police-component\/#breadcrumb\",\"itemListElement\":[{\"@type\":\"ListItem\",\"position\":1,\"name\":\"Home\",\"item\":\"https:\/\/atmis-au.org\/fr\/\"},{\"@type\":\"ListItem\",\"position\":2,\"name\":\"Police Component\"}]},{\"@type\":\"WebSite\",\"@id\":\"https:\/\/atmis-au.org\/fr\/#website\",\"url\":\"https:\/\/atmis-au.org\/fr\/\",\"name\":\"(EN) African Transition Mission in Somalia (ATMIS)\",\"description\":\"(EN) Supporting a Somali-led Peace and Security process\",\"publisher\":{\"@id\":\"https:\/\/atmis-au.org\/fr\/#organization\"},\"potentialAction\":[{\"@type\":\"SearchAction\",\"target\":{\"@type\":\"EntryPoint\",\"urlTemplate\":\"https:\/\/atmis-au.org\/fr\/?s={search_term_string}\"},\"query-input\":{\"@type\":\"PropertyValueSpecification\",\"valueRequired\":true,\"valueName\":\"search_term_string\"}}],\"inLanguage\":\"fr-FR\"},{\"@type\":\"Organization\",\"@id\":\"https:\/\/atmis-au.org\/fr\/#organization\",\"name\":\"African Transition Mission in Somalia (ATMIS)\",\"url\":\"https:\/\/atmis-au.org\/fr\/\",\"logo\":{\"@type\":\"ImageObject\",\"inLanguage\":\"fr-FR\",\"@id\":\"https:\/\/atmis-au.org\/fr\/#\/schema\/logo\/image\/\",\"url\":\"https:\/\/atmis-au.org\/wp-content\/uploads\/2022\/03\/ATMIS-logo.png\",\"contentUrl\":\"https:\/\/atmis-au.org\/wp-content\/uploads\/2022\/03\/ATMIS-logo.png\",\"width\":1562,\"height\":522,\"caption\":\"African Transition Mission in Somalia (ATMIS)\"},\"image\":{\"@id\":\"https:\/\/atmis-au.org\/fr\/#\/schema\/logo\/image\/\"},\"sameAs\":[\"https:\/\/facebook.com\/atmis.somalia\",\"https:\/\/x.com\/atmis_somalia\",\"https:\/\/www.instagram.com\/atmis_somalia\/\",\"https:\/\/www.youtube.com\/channel\/UCmFjQr9t7YHnCJjZqRflDBw\"]}]}<\/script>\n<!-- \/ Yoast SEO plugin. -->","yoast_head_json":{"title":"Composante police - (EN) African Transition Mission in Somalia (ATMIS)","description":"The Police component will have 1040 personnel, including five Formed Police Units and will maintain that number until December 2024.","robots":{"index":"index","follow":"follow","max-snippet":"max-snippet:-1","max-image-preview":"max-image-preview:large","max-video-preview":"max-video-preview:-1"},"canonical":"https:\/\/atmis-au.org\/fr\/police-component\/","og_locale":"fr_FR","og_type":"article","og_title":"Composante police - (EN) African Transition Mission in Somalia (ATMIS)","og_description":"The Police component will have 1040 personnel, including five Formed Police Units and will maintain that number until December 2024.","og_url":"https:\/\/atmis-au.org\/fr\/police-component\/","og_site_name":"(EN) African Transition Mission in Somalia (ATMIS)","article_publisher":"https:\/\/facebook.com\/atmis.somalia","article_modified_time":"2024-05-15T12:49:47+00:00","og_image":[{"width":2048,"height":1365,"url":"https:\/\/atmis-au.org\/wp-content\/uploads\/2022\/03\/51330064916_2637d67958_k.jpg","type":"image\/jpeg"}],"twitter_card":"summary_large_image","twitter_site":"@atmis_somalia","twitter_misc":{"Dur\u00e9e de lecture estim\u00e9e":"3 minutes"},"schema":{"@context":"https:\/\/schema.org","@graph":[{"@type":"WebPage","@id":"https:\/\/atmis-au.org\/fr\/police-component\/","url":"https:\/\/atmis-au.org\/fr\/police-component\/","name":"Composante police - (EN) African Transition Mission in Somalia (ATMIS)","isPartOf":{"@id":"https:\/\/atmis-au.org\/fr\/#website"},"primaryImageOfPage":{"@id":"https:\/\/atmis-au.org\/fr\/police-component\/#primaryimage"},"image":{"@id":"https:\/\/atmis-au.org\/police-component\/#primaryimage"},"thumbnailUrl":"https:\/\/atmis-au.org\/wp-content\/uploads\/2022\/03\/51330064916_2637d67958_k.jpg","datePublished":"2022-03-24T19:52:42+00:00","dateModified":"2024-05-15T12:49:47+00:00","description":"The Police component will have 1040 personnel, including five Formed Police Units and will maintain that number until December 2024.","breadcrumb":{"@id":"https:\/\/atmis-au.org\/fr\/police-component\/#breadcrumb"},"inLanguage":"fr-FR","potentialAction":[{"@type":"ReadAction","target":[["https:\/\/atmis-au.org\/fr\/police-component\/"]]}]},{"@type":"ImageObject","inLanguage":"fr-FR","@id":"https:\/\/atmis-au.org\/fr\/police-component\/#primaryimage","url":"https:\/\/atmis-au.org\/wp-content\/uploads\/2022\/03\/51330064916_2637d67958_k.jpg","contentUrl":"https:\/\/atmis-au.org\/wp-content\/uploads\/2022\/03\/51330064916_2637d67958_k.jpg","width":2048,"height":1365},{"@type":"BreadcrumbList","@id":"https:\/\/atmis-au.org\/fr\/police-component\/#breadcrumb","itemListElement":[{"@type":"ListItem","position":1,"name":"Home","item":"https:\/\/atmis-au.org\/fr\/"},{"@type":"ListItem","position":2,"name":"Police Component"}]},{"@type":"WebSite","@id":"https:\/\/atmis-au.org\/fr\/#website","url":"https:\/\/atmis-au.org\/fr\/","name":"(EN) African Transition Mission in Somalia (ATMIS)","description":"(EN) Supporting a Somali-led Peace and Security process","publisher":{"@id":"https:\/\/atmis-au.org\/fr\/#organization"},"potentialAction":[{"@type":"SearchAction","target":{"@type":"EntryPoint","urlTemplate":"https:\/\/atmis-au.org\/fr\/?s={search_term_string}"},"query-input":{"@type":"PropertyValueSpecification","valueRequired":true,"valueName":"search_term_string"}}],"inLanguage":"fr-FR"},{"@type":"Organization","@id":"https:\/\/atmis-au.org\/fr\/#organization","name":"African Transition Mission in Somalia (ATMIS)","url":"https:\/\/atmis-au.org\/fr\/","logo":{"@type":"ImageObject","inLanguage":"fr-FR","@id":"https:\/\/atmis-au.org\/fr\/#\/schema\/logo\/image\/","url":"https:\/\/atmis-au.org\/wp-content\/uploads\/2022\/03\/ATMIS-logo.png","contentUrl":"https:\/\/atmis-au.org\/wp-content\/uploads\/2022\/03\/ATMIS-logo.png","width":1562,"height":522,"caption":"African Transition Mission in Somalia (ATMIS)"},"image":{"@id":"https:\/\/atmis-au.org\/fr\/#\/schema\/logo\/image\/"},"sameAs":["https:\/\/facebook.com\/atmis.somalia","https:\/\/x.com\/atmis_somalia","https:\/\/www.instagram.com\/atmis_somalia\/","https:\/\/www.youtube.com\/channel\/UCmFjQr9t7YHnCJjZqRflDBw"]}]}},"_links":{"self":[{"href":"https:\/\/atmis-au.org\/fr\/wp-json\/wp\/v2\/pages\/1547","targetHints":{"allow":["GET"]}}],"collection":[{"href":"https:\/\/atmis-au.org\/fr\/wp-json\/wp\/v2\/pages"}],"about":[{"href":"https:\/\/atmis-au.org\/fr\/wp-json\/wp\/v2\/types\/page"}],"author":[{"embeddable":true,"href":"https:\/\/atmis-au.org\/fr\/wp-json\/wp\/v2\/users\/1"}],"replies":[{"embeddable":true,"href":"https:\/\/atmis-au.org\/fr\/wp-json\/wp\/v2\/comments?post=1547"}],"version-history":[{"count":5,"href":"https:\/\/atmis-au.org\/fr\/wp-json\/wp\/v2\/pages\/1547\/revisions"}],"predecessor-version":[{"id":5219,"href":"https:\/\/atmis-au.org\/fr\/wp-json\/wp\/v2\/pages\/1547\/revisions\/5219"}],"wp:featuredmedia":[{"embeddable":true,"href":"https:\/\/atmis-au.org\/fr\/wp-json\/wp\/v2\/media\/1795"}],"wp:attachment":[{"href":"https:\/\/atmis-au.org\/fr\/wp-json\/wp\/v2\/media?parent=1547"}],"curies":[{"name":"wp","href":"https:\/\/api.w.org\/{rel}","templated":true}]}}