{"id":1546,"date":"2022-03-22T18:32:17","date_gmt":"2022-03-22T18:32:17","guid":{"rendered":"https:\/\/atmis-au.org\/?page_id=1546"},"modified":"2022-07-14T09:02:21","modified_gmt":"2022-07-14T06:02:21","slug":"military-component","status":"publish","type":"page","link":"https:\/\/atmis-au.org\/fr\/military-component\/","title":{"rendered":"Composante militaire"},"content":{"rendered":"<p>La composante militaire comptera 18 586 militaires jusqu&rsquo;au 31 d\u00e9cembre 2022, puis se r\u00e9duira de 2 000 hommes. Il y aura d&rsquo;autres retraits progressifs d&rsquo;ici septembre 2023, juin 2024, menant \u00e0 un retrait final en d\u00e9cembre 2024. Les retraits tiendront compte de la situation s\u00e9curitaire pr\u00e9valant en Somalie et seront guid\u00e9s par des \u00e9valuations techniques conjointes r\u00e9guli\u00e8res.<\/p>\r\n<p>Les pays contributeurs de troupes (PCT) comprennent l&rsquo;Ouganda, le Burundi, le Kenya, l&rsquo;\u00c9thiopie et Djibouti, leurs troupes \u00e9tant d\u00e9ploy\u00e9es dans tout le centre-sud de la Somalie. Bien que les troupes ne soient pas encore reconfigur\u00e9es, elles sont actuellement divis\u00e9es en six secteurs, \u00e0 savoir :<\/p>\r\n<p><strong>Secteur Un <\/strong>&#8211; Sous la responsabilit\u00e9 s\u00e9curitaire des Forces de D\u00e9fense du Peuple Ougandais (UPDF), il comprend la r\u00e9gion de Benadir qui couvre des parties de la capitale, Mogadiscio, et la r\u00e9gion de Lower-Shabelle.<\/p>\r\n<p><strong>Secteur Deux<\/strong> &#8211; Sous la responsabilit\u00e9 s\u00e9curitaire de la Force de D\u00e9fense du Kenya (KDF), avec une base d\u2019op\u00e9rations \u00e0 Dhobley, le secteur comprend les r\u00e9gions de Lower-Juba, de Lower-Shabelle, de Middle-Juba et de Gedo.<\/p>\r\n<p><strong>Secteur Trois<\/strong> &#8211; Sous la responsabilit\u00e9 s\u00e9curitaire des soldats de la Force de D\u00e9fense Nationale Ethiopiennes (ENDF), il comprend les r\u00e9gions de Bay, Bakool et Gedo.<\/p>\r\n<p><strong>Secteur Quatre<\/strong> &#8211; Couvrant les r\u00e9gions de Hiiraan et de Galgaduud, le secteur est sous la responsabilit\u00e9 s\u00e9curitaire des Forces Arm\u00e9es Djiboutiennes (FAD), bien que les troupes de la Force de D\u00e9fense Nationale Ethiopiennes (ENDF) contr\u00f4lent \u00e9galement certaines zones.<\/p>\r\n<p><strong>Secteur Cinq<\/strong> &#8211; Bas\u00e9 dans la r\u00e9gion de Middle Shabelle, le secteur dont la principale base d\u2019op\u00e9rations est \u00e0 Jowhar, est sous la responsabilit\u00e9 s\u00e9curitaire de la Force de D\u00e9fense Nationale du Burundi (FDNB).<\/p>\r\n<p><strong>Secteur Six<\/strong> &#8211; Ce secteur est sous la responsabilit\u00e9 s\u00e9curitaire d&rsquo;une force multinationale de la Force de D\u00e9fense Nationale Ethiopiennes (ENDF) et de la Force de D\u00e9fense du Kenya (KDF).<\/p>\r\n<p>Les troupes de l\u2019ATMIS ont pour mandat\u00a0de:<\/p>\r\n<ol>\r\n<li>a) mener des op\u00e9rations conjointes, planifi\u00e9es et cibl\u00e9es avec les Forces de S\u00e9curit\u00e9 Somaliennes pour d\u00e9grader Al-Shabaab et d&rsquo;autres groupes terroristes\u00a0;<\/li>\r\n<\/ol>\r\n<p>(b) avec les Forces de S\u00e9curit\u00e9 Somaliennes, garder conjointement des centres cl\u00e9s de population et assurer la s\u00e9curit\u00e9 et la protection des communaut\u00e9s locales, du personnel et des installations des Nations Unies\u00a0;<\/p>\r\n<ol>\r\n<li>c) s\u00e9curiser et ouvrir les principales voies d&rsquo;approvisionnement\u00a0;<\/li>\r\n<li>d) d\u00e9velopper la capacit\u00e9 des Forces de S\u00e9curit\u00e9 Somaliennes pour leur permettre d&rsquo;assumer la responsabilit\u00e9 de s\u00e9curit\u00e9 \u00e0 la fin de la p\u00e9riode de transition en d\u00e9cembre 2024\u00a0;<\/li>\r\n<li>e) appuyer le renforcement des capacit\u00e9s des Forces de S\u00e9curit\u00e9 Somaliennes, en donnant la priorit\u00e9 \u00e0 la g\u00e9n\u00e9ration de forces, au maintien op\u00e9rationnel et aux capacit\u00e9s de soutien logistique.<\/li>\r\n<\/ol>\r\n<p>En cas de conflits internes, les troupes de l&rsquo;ATMIS sont tenues de rester politiquement neutres et de donner la priorit\u00e9 \u00e0 la protection des civils.<\/p>\r\n<p>Les pays contributeurs de troupes sont encourag\u00e9s \u00e0 d\u00e9ployer du personnel f\u00e9minin pour assurer la participation pleine et effective des femmes dans toutes ses op\u00e9rations et int\u00e9grer une perspective genre tout au long de la mission.<\/p>\r\n<p><\/p>\r\n<h2 class=\"wp-block-heading\">Troop Contributing Countries<\/h2>\r\n<p><\/p>\r\n<p>&nbsp;<\/p>\r\n<p><\/p>\r\n<p class=\"is-layout-flow wp-block-column-is-layout-flow\"><\/p>\r\n<p>&nbsp;<\/p>\r\n<p><\/p>\r\n<div class=\"wp-block-columns is-layout-flex wp-container-core-columns-is-layout-9d6595d7 wp-block-columns-is-layout-flex\">\r\n<div class=\"wp-block-column is-layout-flow wp-block-column-is-layout-flow\">\r\n<figure class=\"wp-block-image size-full\"><img decoding=\"async\" class=\"wp-image-1763\" src=\"https:\/\/atmis-au.org\/wp-content\/uploads\/2022\/04\/Burundi_Flag-300x180.jpeg\" alt=\"\" \/>\r\n<figcaption>Burundi<\/figcaption>\r\n<\/figure>\r\n<\/div>\r\n\r\n\r\n\r\n<div class=\"wp-block-column is-layout-flow wp-block-column-is-layout-flow\">\r\n<figure class=\"wp-block-image size-full\"><img decoding=\"async\" class=\"wp-image-1764\" src=\"https:\/\/atmis-au.org\/wp-content\/uploads\/2022\/04\/Djibouti_Flag-300x200.jpeg\" alt=\"\" \/>\r\n<figcaption>Djibouti<\/figcaption>\r\n<\/figure>\r\n<\/div>\r\n\r\n\r\n\r\n<div class=\"wp-block-column is-layout-flow wp-block-column-is-layout-flow\">\r\n<figure class=\"wp-block-image size-full\"><img decoding=\"async\" class=\"wp-image-1765\" src=\"https:\/\/atmis-au.org\/wp-content\/uploads\/2022\/04\/Ethiopia_Flag-300x150.jpeg\" alt=\"\" \/>\r\n<figcaption>Ethiopia<\/figcaption>\r\n<\/figure>\r\n<\/div>\r\n\r\n\r\n\r\n<div class=\"wp-block-column is-layout-flow wp-block-column-is-layout-flow\">\r\n<figure class=\"wp-block-image size-full\"><img decoding=\"async\" width=\"800\" height=\"533\" class=\"wp-image-1764\" src=\"https:\/\/atmis-au.org\/wp-content\/uploads\/2022\/03\/Kenya.jpeg\" alt=\"\" srcset=\"https:\/\/atmis-au.org\/wp-content\/uploads\/2022\/03\/Kenya.jpeg 800w, https:\/\/atmis-au.org\/wp-content\/uploads\/2022\/03\/Kenya-300x200.jpeg 300w, https:\/\/atmis-au.org\/wp-content\/uploads\/2022\/03\/Kenya-768x512.jpeg 768w, https:\/\/atmis-au.org\/wp-content\/uploads\/2022\/03\/Kenya-585x390.jpeg 585w, https:\/\/atmis-au.org\/wp-content\/uploads\/2022\/03\/Kenya-263x175.jpeg 263w\" sizes=\"(max-width: 800px) 100vw, 800px\" \/>\r\n<figcaption>Kenya<\/figcaption>\r\n<\/figure>\r\n<\/div>\r\n\r\n\r\n\r\n<div class=\"wp-block-column is-layout-flow wp-block-column-is-layout-flow\">\r\n<figure class=\"wp-block-image size-full\"><img loading=\"lazy\" decoding=\"async\" width=\"800\" height=\"533\" class=\"wp-image-1767\" src=\"https:\/\/atmis-au.org\/wp-content\/uploads\/2022\/03\/Uganda.jpeg\" alt=\"\" srcset=\"https:\/\/atmis-au.org\/wp-content\/uploads\/2022\/03\/Uganda.jpeg 800w, https:\/\/atmis-au.org\/wp-content\/uploads\/2022\/03\/Uganda-300x200.jpeg 300w, https:\/\/atmis-au.org\/wp-content\/uploads\/2022\/03\/Uganda-768x512.jpeg 768w, https:\/\/atmis-au.org\/wp-content\/uploads\/2022\/03\/Uganda-585x390.jpeg 585w, https:\/\/atmis-au.org\/wp-content\/uploads\/2022\/03\/Uganda-263x175.jpeg 263w\" sizes=\"(max-width: 800px) 100vw, 800px\" \/>\r\n<figcaption>Uganda<\/figcaption>\r\n<\/figure>\r\n<\/div>\r\n<\/div>\r\n<p><\/p>","protected":false},"excerpt":{"rendered":"<p>La composante militaire comptera 18 586 militaires jusqu&rsquo;au 31 d\u00e9cembre 2022, puis se r\u00e9duira de 2 000 hommes. Il y aura d&rsquo;autres retraits progressifs d&rsquo;ici septembre 2023, juin 2024, menant&hellip;<\/p>\n","protected":false},"author":1,"featured_media":2449,"parent":0,"menu_order":0,"comment_status":"closed","ping_status":"closed","template":"page-sidebar.php","meta":{"footnotes":""},"class_list":["post-1546","page","type-page","status-publish","has-post-thumbnail","hentry"],"yoast_head":"<!-- This site is optimized with the Yoast SEO plugin v26.9 - https:\/\/yoast.com\/product\/yoast-seo-wordpress\/ -->\n<title>Composante militaire - (EN) African Transition Mission in Somalia (ATMIS)<\/title>\n<meta name=\"description\" content=\"The ATMIS military component will have 18 586 troops until 31 December 2022 and then draw down by 2 000 troops. There will be further graduated drawdowns by September 2023, June 2024, leading towards a final exit in December 2024. The drawdowns will take into account the prevailing security situation in Somalia and will be guided by regular joint technical assessments.\" \/>\n<meta name=\"robots\" content=\"index, follow, max-snippet:-1, max-image-preview:large, max-video-preview:-1\" \/>\n<link rel=\"canonical\" href=\"https:\/\/atmis-au.org\/fr\/military-component\/\" \/>\n<meta property=\"og:locale\" content=\"fr_FR\" \/>\n<meta property=\"og:type\" content=\"article\" \/>\n<meta property=\"og:title\" content=\"Composante militaire - (EN) African Transition Mission in Somalia (ATMIS)\" \/>\n<meta property=\"og:description\" content=\"The ATMIS military component will have 18 586 troops until 31 December 2022 and then draw down by 2 000 troops. There will be further graduated drawdowns by September 2023, June 2024, leading towards a final exit in December 2024. The drawdowns will take into account the prevailing security situation in Somalia and will be guided by regular joint technical assessments.\" \/>\n<meta property=\"og:url\" content=\"https:\/\/atmis-au.org\/fr\/military-component\/\" \/>\n<meta property=\"og:site_name\" content=\"(EN) African Transition Mission in Somalia (ATMIS)\" \/>\n<meta property=\"article:publisher\" content=\"https:\/\/facebook.com\/atmis.somalia\" \/>\n<meta property=\"article:modified_time\" content=\"2022-07-14T06:02:21+00:00\" \/>\n<meta property=\"og:image\" content=\"https:\/\/atmis-au.org\/wp-content\/uploads\/2022\/07\/16024657901_48262eff32_jk.jpg\" \/>\n\t<meta property=\"og:image:width\" content=\"819\" \/>\n\t<meta property=\"og:image:height\" content=\"545\" \/>\n\t<meta property=\"og:image:type\" content=\"image\/jpeg\" \/>\n<meta name=\"twitter:card\" content=\"summary_large_image\" \/>\n<meta name=\"twitter:site\" content=\"@atmis_somalia\" \/>\n<meta name=\"twitter:label1\" content=\"Dur\u00e9e de lecture estim\u00e9e\" \/>\n\t<meta name=\"twitter:data1\" content=\"4 minutes\" \/>\n<script type=\"application\/ld+json\" class=\"yoast-schema-graph\">{\"@context\":\"https:\/\/schema.org\",\"@graph\":[{\"@type\":\"WebPage\",\"@id\":\"https:\/\/atmis-au.org\/fr\/military-component\/\",\"url\":\"https:\/\/atmis-au.org\/fr\/military-component\/\",\"name\":\"Composante militaire - (EN) African Transition Mission in Somalia (ATMIS)\",\"isPartOf\":{\"@id\":\"https:\/\/atmis-au.org\/fr\/#website\"},\"primaryImageOfPage\":{\"@id\":\"https:\/\/atmis-au.org\/fr\/military-component\/#primaryimage\"},\"image\":{\"@id\":\"https:\/\/atmis-au.org\/military-component\/#primaryimage\"},\"thumbnailUrl\":\"https:\/\/atmis-au.org\/wp-content\/uploads\/2022\/07\/16024657901_48262eff32_jk.jpg\",\"datePublished\":\"2022-03-22T18:32:17+00:00\",\"dateModified\":\"2022-07-14T06:02:21+00:00\",\"description\":\"The ATMIS military component will have 18 586 troops until 31 December 2022 and then draw down by 2 000 troops. There will be further graduated drawdowns by September 2023, June 2024, leading towards a final exit in December 2024. The drawdowns will take into account the prevailing security situation in Somalia and will be guided by regular joint technical assessments.\",\"breadcrumb\":{\"@id\":\"https:\/\/atmis-au.org\/fr\/military-component\/#breadcrumb\"},\"inLanguage\":\"fr-FR\",\"potentialAction\":[{\"@type\":\"ReadAction\",\"target\":[[\"https:\/\/atmis-au.org\/fr\/military-component\/\"]]}]},{\"@type\":\"ImageObject\",\"inLanguage\":\"fr-FR\",\"@id\":\"https:\/\/atmis-au.org\/fr\/military-component\/#primaryimage\",\"url\":\"https:\/\/atmis-au.org\/wp-content\/uploads\/2022\/07\/16024657901_48262eff32_jk.jpg\",\"contentUrl\":\"https:\/\/atmis-au.org\/wp-content\/uploads\/2022\/07\/16024657901_48262eff32_jk.jpg\",\"width\":819,\"height\":545},{\"@type\":\"BreadcrumbList\",\"@id\":\"https:\/\/atmis-au.org\/fr\/military-component\/#breadcrumb\",\"itemListElement\":[{\"@type\":\"ListItem\",\"position\":1,\"name\":\"Home\",\"item\":\"https:\/\/atmis-au.org\/fr\/\"},{\"@type\":\"ListItem\",\"position\":2,\"name\":\"Composante militaire\"}]},{\"@type\":\"WebSite\",\"@id\":\"https:\/\/atmis-au.org\/fr\/#website\",\"url\":\"https:\/\/atmis-au.org\/fr\/\",\"name\":\"(EN) African Transition Mission in Somalia (ATMIS)\",\"description\":\"(EN) Supporting a Somali-led Peace and Security process\",\"publisher\":{\"@id\":\"https:\/\/atmis-au.org\/fr\/#organization\"},\"potentialAction\":[{\"@type\":\"SearchAction\",\"target\":{\"@type\":\"EntryPoint\",\"urlTemplate\":\"https:\/\/atmis-au.org\/fr\/?s={search_term_string}\"},\"query-input\":{\"@type\":\"PropertyValueSpecification\",\"valueRequired\":true,\"valueName\":\"search_term_string\"}}],\"inLanguage\":\"fr-FR\"},{\"@type\":\"Organization\",\"@id\":\"https:\/\/atmis-au.org\/fr\/#organization\",\"name\":\"African Transition Mission in Somalia (ATMIS)\",\"url\":\"https:\/\/atmis-au.org\/fr\/\",\"logo\":{\"@type\":\"ImageObject\",\"inLanguage\":\"fr-FR\",\"@id\":\"https:\/\/atmis-au.org\/fr\/#\/schema\/logo\/image\/\",\"url\":\"https:\/\/atmis-au.org\/wp-content\/uploads\/2022\/03\/ATMIS-logo.png\",\"contentUrl\":\"https:\/\/atmis-au.org\/wp-content\/uploads\/2022\/03\/ATMIS-logo.png\",\"width\":1562,\"height\":522,\"caption\":\"African Transition Mission in Somalia (ATMIS)\"},\"image\":{\"@id\":\"https:\/\/atmis-au.org\/fr\/#\/schema\/logo\/image\/\"},\"sameAs\":[\"https:\/\/facebook.com\/atmis.somalia\",\"https:\/\/x.com\/atmis_somalia\",\"https:\/\/www.instagram.com\/atmis_somalia\/\",\"https:\/\/www.youtube.com\/channel\/UCmFjQr9t7YHnCJjZqRflDBw\"]}]}<\/script>\n<!-- \/ Yoast SEO plugin. -->","yoast_head_json":{"title":"Composante militaire - (EN) African Transition Mission in Somalia (ATMIS)","description":"The ATMIS military component will have 18 586 troops until 31 December 2022 and then draw down by 2 000 troops. There will be further graduated drawdowns by September 2023, June 2024, leading towards a final exit in December 2024. The drawdowns will take into account the prevailing security situation in Somalia and will be guided by regular joint technical assessments.","robots":{"index":"index","follow":"follow","max-snippet":"max-snippet:-1","max-image-preview":"max-image-preview:large","max-video-preview":"max-video-preview:-1"},"canonical":"https:\/\/atmis-au.org\/fr\/military-component\/","og_locale":"fr_FR","og_type":"article","og_title":"Composante militaire - (EN) African Transition Mission in Somalia (ATMIS)","og_description":"The ATMIS military component will have 18 586 troops until 31 December 2022 and then draw down by 2 000 troops. There will be further graduated drawdowns by September 2023, June 2024, leading towards a final exit in December 2024. The drawdowns will take into account the prevailing security situation in Somalia and will be guided by regular joint technical assessments.","og_url":"https:\/\/atmis-au.org\/fr\/military-component\/","og_site_name":"(EN) African Transition Mission in Somalia (ATMIS)","article_publisher":"https:\/\/facebook.com\/atmis.somalia","article_modified_time":"2022-07-14T06:02:21+00:00","og_image":[{"width":819,"height":545,"url":"https:\/\/atmis-au.org\/wp-content\/uploads\/2022\/07\/16024657901_48262eff32_jk.jpg","type":"image\/jpeg"}],"twitter_card":"summary_large_image","twitter_site":"@atmis_somalia","twitter_misc":{"Dur\u00e9e de lecture estim\u00e9e":"4 minutes"},"schema":{"@context":"https:\/\/schema.org","@graph":[{"@type":"WebPage","@id":"https:\/\/atmis-au.org\/fr\/military-component\/","url":"https:\/\/atmis-au.org\/fr\/military-component\/","name":"Composante militaire - (EN) African Transition Mission in Somalia (ATMIS)","isPartOf":{"@id":"https:\/\/atmis-au.org\/fr\/#website"},"primaryImageOfPage":{"@id":"https:\/\/atmis-au.org\/fr\/military-component\/#primaryimage"},"image":{"@id":"https:\/\/atmis-au.org\/military-component\/#primaryimage"},"thumbnailUrl":"https:\/\/atmis-au.org\/wp-content\/uploads\/2022\/07\/16024657901_48262eff32_jk.jpg","datePublished":"2022-03-22T18:32:17+00:00","dateModified":"2022-07-14T06:02:21+00:00","description":"The ATMIS military component will have 18 586 troops until 31 December 2022 and then draw down by 2 000 troops. There will be further graduated drawdowns by September 2023, June 2024, leading towards a final exit in December 2024. The drawdowns will take into account the prevailing security situation in Somalia and will be guided by regular joint technical assessments.","breadcrumb":{"@id":"https:\/\/atmis-au.org\/fr\/military-component\/#breadcrumb"},"inLanguage":"fr-FR","potentialAction":[{"@type":"ReadAction","target":[["https:\/\/atmis-au.org\/fr\/military-component\/"]]}]},{"@type":"ImageObject","inLanguage":"fr-FR","@id":"https:\/\/atmis-au.org\/fr\/military-component\/#primaryimage","url":"https:\/\/atmis-au.org\/wp-content\/uploads\/2022\/07\/16024657901_48262eff32_jk.jpg","contentUrl":"https:\/\/atmis-au.org\/wp-content\/uploads\/2022\/07\/16024657901_48262eff32_jk.jpg","width":819,"height":545},{"@type":"BreadcrumbList","@id":"https:\/\/atmis-au.org\/fr\/military-component\/#breadcrumb","itemListElement":[{"@type":"ListItem","position":1,"name":"Home","item":"https:\/\/atmis-au.org\/fr\/"},{"@type":"ListItem","position":2,"name":"Composante militaire"}]},{"@type":"WebSite","@id":"https:\/\/atmis-au.org\/fr\/#website","url":"https:\/\/atmis-au.org\/fr\/","name":"(EN) African Transition Mission in Somalia (ATMIS)","description":"(EN) Supporting a Somali-led Peace and Security process","publisher":{"@id":"https:\/\/atmis-au.org\/fr\/#organization"},"potentialAction":[{"@type":"SearchAction","target":{"@type":"EntryPoint","urlTemplate":"https:\/\/atmis-au.org\/fr\/?s={search_term_string}"},"query-input":{"@type":"PropertyValueSpecification","valueRequired":true,"valueName":"search_term_string"}}],"inLanguage":"fr-FR"},{"@type":"Organization","@id":"https:\/\/atmis-au.org\/fr\/#organization","name":"African Transition Mission in Somalia (ATMIS)","url":"https:\/\/atmis-au.org\/fr\/","logo":{"@type":"ImageObject","inLanguage":"fr-FR","@id":"https:\/\/atmis-au.org\/fr\/#\/schema\/logo\/image\/","url":"https:\/\/atmis-au.org\/wp-content\/uploads\/2022\/03\/ATMIS-logo.png","contentUrl":"https:\/\/atmis-au.org\/wp-content\/uploads\/2022\/03\/ATMIS-logo.png","width":1562,"height":522,"caption":"African Transition Mission in Somalia (ATMIS)"},"image":{"@id":"https:\/\/atmis-au.org\/fr\/#\/schema\/logo\/image\/"},"sameAs":["https:\/\/facebook.com\/atmis.somalia","https:\/\/x.com\/atmis_somalia","https:\/\/www.instagram.com\/atmis_somalia\/","https:\/\/www.youtube.com\/channel\/UCmFjQr9t7YHnCJjZqRflDBw"]}]}},"_links":{"self":[{"href":"https:\/\/atmis-au.org\/fr\/wp-json\/wp\/v2\/pages\/1546","targetHints":{"allow":["GET"]}}],"collection":[{"href":"https:\/\/atmis-au.org\/fr\/wp-json\/wp\/v2\/pages"}],"about":[{"href":"https:\/\/atmis-au.org\/fr\/wp-json\/wp\/v2\/types\/page"}],"author":[{"embeddable":true,"href":"https:\/\/atmis-au.org\/fr\/wp-json\/wp\/v2\/users\/1"}],"replies":[{"embeddable":true,"href":"https:\/\/atmis-au.org\/fr\/wp-json\/wp\/v2\/comments?post=1546"}],"version-history":[{"count":0,"href":"https:\/\/atmis-au.org\/fr\/wp-json\/wp\/v2\/pages\/1546\/revisions"}],"wp:featuredmedia":[{"embeddable":true,"href":"https:\/\/atmis-au.org\/fr\/wp-json\/wp\/v2\/media\/2449"}],"wp:attachment":[{"href":"https:\/\/atmis-au.org\/fr\/wp-json\/wp\/v2\/media?parent=1546"}],"curies":[{"name":"wp","href":"https:\/\/api.w.org\/{rel}","templated":true}]}}