{"id":1534,"date":"2022-03-22T18:23:13","date_gmt":"2022-03-22T18:23:13","guid":{"rendered":"https:\/\/atmis-au.org\/?page_id=1534"},"modified":"2022-07-07T10:17:26","modified_gmt":"2022-07-07T07:17:26","slug":"about-atmis","status":"publish","type":"page","link":"https:\/\/atmis-au.org\/fr\/about-atmis\/","title":{"rendered":"A PROPOS DE L\u2019ATMIS"},"content":{"rendered":"La Mission de Transition de l&rsquo;Union Africaine en Somalie (ATMIS) est une mission multidimensionnelle (militaire, polici\u00e8re et civile), autoris\u00e9e par l&rsquo;Union Africaine et mandat\u00e9e par le Conseil de S\u00e9curit\u00e9 des Nations Unies <strong>&#8211; <\/strong><u>Communiqu\u00e9 du Conseil de Paix et de S\u00e9curit\u00e9 de l&rsquo;UA pour la 1068<sup>\u00e8me<\/sup> r\u00e9union et<\/u> la R\u00e9solution 2628 (2022) du Conseil de S\u00e9curit\u00e9 des Nations Unies<\/p>\n<p>Elle remplace la Mission de l&rsquo;Union Africaine en Somalie (AMISOM) avec un mandat clair de mettre pleinement en \u0153uvre le Plan de Transition pour la Somalie (PTS). L\u2019ATMIS est devenue op\u00e9rationnelle le 1<sup>er<\/sup> avril 2022.<\/p>\n<p>Cliquez sur les documents ci-dessous qui autorisent et mandatent l\u2019ATMIS\u00a0:<\/p>\n<ul>\n<li>Communiqu\u00e9 du Conseil de Paix et de S\u00e9curit\u00e9 de l&rsquo;UA pour la 1068<sup>\u00e8me<\/sup> R\u00e9union<\/li>\n<li>R\u00e9solution 2628 (2022) du Conseil de S\u00e9curit\u00e9 de l&rsquo;ONU<\/li>\n<\/ul>","protected":false},"excerpt":{"rendered":"<p>La Mission de Transition de l&rsquo;Union Africaine en Somalie (ATMIS) est une mission multidimensionnelle (militaire, polici\u00e8re et civile), autoris\u00e9e par l&rsquo;Union Africaine et mandat\u00e9e par le Conseil de S\u00e9curit\u00e9 des&hellip;<\/p>\n","protected":false},"author":1,"featured_media":1624,"parent":0,"menu_order":0,"comment_status":"closed","ping_status":"closed","template":"page-sidebar.php","meta":{"footnotes":""},"class_list":["post-1534","page","type-page","status-publish","has-post-thumbnail","hentry"],"yoast_head":"<!-- This site is optimized with the Yoast SEO plugin v26.9 - https:\/\/yoast.com\/product\/yoast-seo-wordpress\/ -->\n<title>A PROPOS DE L\u2019ATMIS - (EN) African Transition Mission in Somalia (ATMIS)<\/title>\n<meta name=\"robots\" content=\"index, follow, max-snippet:-1, max-image-preview:large, max-video-preview:-1\" \/>\n<link rel=\"canonical\" href=\"https:\/\/atmis-au.org\/fr\/about-atmis\/\" \/>\n<meta property=\"og:locale\" content=\"fr_FR\" \/>\n<meta property=\"og:type\" content=\"article\" \/>\n<meta property=\"og:title\" content=\"A PROPOS DE L\u2019ATMIS - (EN) African Transition Mission in Somalia (ATMIS)\" \/>\n<meta property=\"og:description\" content=\"La Mission de Transition de l&rsquo;Union Africaine en Somalie (ATMIS) est une mission multidimensionnelle (militaire, polici\u00e8re et civile), autoris\u00e9e par l&rsquo;Union Africaine et mandat\u00e9e par le Conseil de S\u00e9curit\u00e9 des&hellip;\" \/>\n<meta property=\"og:url\" content=\"https:\/\/atmis-au.org\/fr\/about-atmis\/\" \/>\n<meta property=\"og:site_name\" content=\"(EN) African Transition Mission in Somalia (ATMIS)\" \/>\n<meta property=\"article:publisher\" content=\"https:\/\/facebook.com\/atmis.somalia\" \/>\n<meta property=\"article:modified_time\" content=\"2022-07-07T07:17:26+00:00\" \/>\n<meta property=\"og:image\" content=\"https:\/\/atmis-au.org\/wp-content\/uploads\/2022\/03\/51910133963_b3ffc25f63_k.jpg\" \/>\n\t<meta property=\"og:image:width\" content=\"2048\" \/>\n\t<meta property=\"og:image:height\" content=\"1365\" \/>\n\t<meta property=\"og:image:type\" content=\"image\/jpeg\" \/>\n<meta name=\"twitter:card\" content=\"summary_large_image\" \/>\n<meta name=\"twitter:site\" content=\"@atmis_somalia\" \/>\n<meta name=\"twitter:label1\" content=\"Dur\u00e9e de lecture estim\u00e9e\" \/>\n\t<meta name=\"twitter:data1\" content=\"1 minute\" \/>\n<script type=\"application\/ld+json\" class=\"yoast-schema-graph\">{\"@context\":\"https:\/\/schema.org\",\"@graph\":[{\"@type\":\"WebPage\",\"@id\":\"https:\/\/atmis-au.org\/fr\/about-atmis\/\",\"url\":\"https:\/\/atmis-au.org\/fr\/about-atmis\/\",\"name\":\"A PROPOS DE L\u2019ATMIS - (EN) African Transition Mission in Somalia (ATMIS)\",\"isPartOf\":{\"@id\":\"https:\/\/atmis-au.org\/fr\/#website\"},\"primaryImageOfPage\":{\"@id\":\"https:\/\/atmis-au.org\/fr\/about-atmis\/#primaryimage\"},\"image\":{\"@id\":\"https:\/\/atmis-au.org\/about-atmis\/#primaryimage\"},\"thumbnailUrl\":\"https:\/\/atmis-au.org\/wp-content\/uploads\/2022\/03\/51910133963_b3ffc25f63_k.jpg\",\"datePublished\":\"2022-03-22T18:23:13+00:00\",\"dateModified\":\"2022-07-07T07:17:26+00:00\",\"breadcrumb\":{\"@id\":\"https:\/\/atmis-au.org\/fr\/about-atmis\/#breadcrumb\"},\"inLanguage\":\"fr-FR\",\"potentialAction\":[{\"@type\":\"ReadAction\",\"target\":[[\"https:\/\/atmis-au.org\/fr\/about-atmis\/\"]]}]},{\"@type\":\"ImageObject\",\"inLanguage\":\"fr-FR\",\"@id\":\"https:\/\/atmis-au.org\/fr\/about-atmis\/#primaryimage\",\"url\":\"https:\/\/atmis-au.org\/wp-content\/uploads\/2022\/03\/51910133963_b3ffc25f63_k.jpg\",\"contentUrl\":\"https:\/\/atmis-au.org\/wp-content\/uploads\/2022\/03\/51910133963_b3ffc25f63_k.jpg\",\"width\":2048,\"height\":1365},{\"@type\":\"BreadcrumbList\",\"@id\":\"https:\/\/atmis-au.org\/fr\/about-atmis\/#breadcrumb\",\"itemListElement\":[{\"@type\":\"ListItem\",\"position\":1,\"name\":\"Home\",\"item\":\"https:\/\/atmis-au.org\/fr\/\"},{\"@type\":\"ListItem\",\"position\":2,\"name\":\"About ATMIS\"}]},{\"@type\":\"WebSite\",\"@id\":\"https:\/\/atmis-au.org\/fr\/#website\",\"url\":\"https:\/\/atmis-au.org\/fr\/\",\"name\":\"(EN) African Transition Mission in Somalia (ATMIS)\",\"description\":\"(EN) Supporting a Somali-led Peace and Security process\",\"publisher\":{\"@id\":\"https:\/\/atmis-au.org\/fr\/#organization\"},\"potentialAction\":[{\"@type\":\"SearchAction\",\"target\":{\"@type\":\"EntryPoint\",\"urlTemplate\":\"https:\/\/atmis-au.org\/fr\/?s={search_term_string}\"},\"query-input\":{\"@type\":\"PropertyValueSpecification\",\"valueRequired\":true,\"valueName\":\"search_term_string\"}}],\"inLanguage\":\"fr-FR\"},{\"@type\":\"Organization\",\"@id\":\"https:\/\/atmis-au.org\/fr\/#organization\",\"name\":\"African Transition Mission in Somalia (ATMIS)\",\"url\":\"https:\/\/atmis-au.org\/fr\/\",\"logo\":{\"@type\":\"ImageObject\",\"inLanguage\":\"fr-FR\",\"@id\":\"https:\/\/atmis-au.org\/fr\/#\/schema\/logo\/image\/\",\"url\":\"https:\/\/atmis-au.org\/wp-content\/uploads\/2022\/03\/ATMIS-logo.png\",\"contentUrl\":\"https:\/\/atmis-au.org\/wp-content\/uploads\/2022\/03\/ATMIS-logo.png\",\"width\":1562,\"height\":522,\"caption\":\"African Transition Mission in Somalia (ATMIS)\"},\"image\":{\"@id\":\"https:\/\/atmis-au.org\/fr\/#\/schema\/logo\/image\/\"},\"sameAs\":[\"https:\/\/facebook.com\/atmis.somalia\",\"https:\/\/x.com\/atmis_somalia\",\"https:\/\/www.instagram.com\/atmis_somalia\/\",\"https:\/\/www.youtube.com\/channel\/UCmFjQr9t7YHnCJjZqRflDBw\"]}]}<\/script>\n<!-- \/ Yoast SEO plugin. -->","yoast_head_json":{"title":"A PROPOS DE L\u2019ATMIS - (EN) African Transition Mission in Somalia (ATMIS)","robots":{"index":"index","follow":"follow","max-snippet":"max-snippet:-1","max-image-preview":"max-image-preview:large","max-video-preview":"max-video-preview:-1"},"canonical":"https:\/\/atmis-au.org\/fr\/about-atmis\/","og_locale":"fr_FR","og_type":"article","og_title":"A PROPOS DE L\u2019ATMIS - (EN) African Transition Mission in Somalia (ATMIS)","og_description":"La Mission de Transition de l&rsquo;Union Africaine en Somalie (ATMIS) est une mission multidimensionnelle (militaire, polici\u00e8re et civile), autoris\u00e9e par l&rsquo;Union Africaine et mandat\u00e9e par le Conseil de S\u00e9curit\u00e9 des&hellip;","og_url":"https:\/\/atmis-au.org\/fr\/about-atmis\/","og_site_name":"(EN) African Transition Mission in Somalia (ATMIS)","article_publisher":"https:\/\/facebook.com\/atmis.somalia","article_modified_time":"2022-07-07T07:17:26+00:00","og_image":[{"width":2048,"height":1365,"url":"https:\/\/atmis-au.org\/wp-content\/uploads\/2022\/03\/51910133963_b3ffc25f63_k.jpg","type":"image\/jpeg"}],"twitter_card":"summary_large_image","twitter_site":"@atmis_somalia","twitter_misc":{"Dur\u00e9e de lecture estim\u00e9e":"1 minute"},"schema":{"@context":"https:\/\/schema.org","@graph":[{"@type":"WebPage","@id":"https:\/\/atmis-au.org\/fr\/about-atmis\/","url":"https:\/\/atmis-au.org\/fr\/about-atmis\/","name":"A PROPOS DE L\u2019ATMIS - (EN) African Transition Mission in Somalia (ATMIS)","isPartOf":{"@id":"https:\/\/atmis-au.org\/fr\/#website"},"primaryImageOfPage":{"@id":"https:\/\/atmis-au.org\/fr\/about-atmis\/#primaryimage"},"image":{"@id":"https:\/\/atmis-au.org\/about-atmis\/#primaryimage"},"thumbnailUrl":"https:\/\/atmis-au.org\/wp-content\/uploads\/2022\/03\/51910133963_b3ffc25f63_k.jpg","datePublished":"2022-03-22T18:23:13+00:00","dateModified":"2022-07-07T07:17:26+00:00","breadcrumb":{"@id":"https:\/\/atmis-au.org\/fr\/about-atmis\/#breadcrumb"},"inLanguage":"fr-FR","potentialAction":[{"@type":"ReadAction","target":[["https:\/\/atmis-au.org\/fr\/about-atmis\/"]]}]},{"@type":"ImageObject","inLanguage":"fr-FR","@id":"https:\/\/atmis-au.org\/fr\/about-atmis\/#primaryimage","url":"https:\/\/atmis-au.org\/wp-content\/uploads\/2022\/03\/51910133963_b3ffc25f63_k.jpg","contentUrl":"https:\/\/atmis-au.org\/wp-content\/uploads\/2022\/03\/51910133963_b3ffc25f63_k.jpg","width":2048,"height":1365},{"@type":"BreadcrumbList","@id":"https:\/\/atmis-au.org\/fr\/about-atmis\/#breadcrumb","itemListElement":[{"@type":"ListItem","position":1,"name":"Home","item":"https:\/\/atmis-au.org\/fr\/"},{"@type":"ListItem","position":2,"name":"About ATMIS"}]},{"@type":"WebSite","@id":"https:\/\/atmis-au.org\/fr\/#website","url":"https:\/\/atmis-au.org\/fr\/","name":"(EN) African Transition Mission in Somalia (ATMIS)","description":"(EN) Supporting a Somali-led Peace and Security process","publisher":{"@id":"https:\/\/atmis-au.org\/fr\/#organization"},"potentialAction":[{"@type":"SearchAction","target":{"@type":"EntryPoint","urlTemplate":"https:\/\/atmis-au.org\/fr\/?s={search_term_string}"},"query-input":{"@type":"PropertyValueSpecification","valueRequired":true,"valueName":"search_term_string"}}],"inLanguage":"fr-FR"},{"@type":"Organization","@id":"https:\/\/atmis-au.org\/fr\/#organization","name":"African Transition Mission in Somalia (ATMIS)","url":"https:\/\/atmis-au.org\/fr\/","logo":{"@type":"ImageObject","inLanguage":"fr-FR","@id":"https:\/\/atmis-au.org\/fr\/#\/schema\/logo\/image\/","url":"https:\/\/atmis-au.org\/wp-content\/uploads\/2022\/03\/ATMIS-logo.png","contentUrl":"https:\/\/atmis-au.org\/wp-content\/uploads\/2022\/03\/ATMIS-logo.png","width":1562,"height":522,"caption":"African Transition Mission in Somalia (ATMIS)"},"image":{"@id":"https:\/\/atmis-au.org\/fr\/#\/schema\/logo\/image\/"},"sameAs":["https:\/\/facebook.com\/atmis.somalia","https:\/\/x.com\/atmis_somalia","https:\/\/www.instagram.com\/atmis_somalia\/","https:\/\/www.youtube.com\/channel\/UCmFjQr9t7YHnCJjZqRflDBw"]}]}},"_links":{"self":[{"href":"https:\/\/atmis-au.org\/fr\/wp-json\/wp\/v2\/pages\/1534","targetHints":{"allow":["GET"]}}],"collection":[{"href":"https:\/\/atmis-au.org\/fr\/wp-json\/wp\/v2\/pages"}],"about":[{"href":"https:\/\/atmis-au.org\/fr\/wp-json\/wp\/v2\/types\/page"}],"author":[{"embeddable":true,"href":"https:\/\/atmis-au.org\/fr\/wp-json\/wp\/v2\/users\/1"}],"replies":[{"embeddable":true,"href":"https:\/\/atmis-au.org\/fr\/wp-json\/wp\/v2\/comments?post=1534"}],"version-history":[{"count":0,"href":"https:\/\/atmis-au.org\/fr\/wp-json\/wp\/v2\/pages\/1534\/revisions"}],"wp:featuredmedia":[{"embeddable":true,"href":"https:\/\/atmis-au.org\/fr\/wp-json\/wp\/v2\/media\/1624"}],"wp:attachment":[{"href":"https:\/\/atmis-au.org\/fr\/wp-json\/wp\/v2\/media?parent=1534"}],"curies":[{"name":"wp","href":"https:\/\/api.w.org\/{rel}","templated":true}]}}