{"id":1523,"date":"2022-03-22T18:20:29","date_gmt":"2022-03-22T18:20:29","guid":{"rendered":"https:\/\/atmis-au.org\/?page_id=1523"},"modified":"2024-11-19T10:12:45","modified_gmt":"2024-11-19T07:12:45","slug":"atmis-leadership","status":"publish","type":"page","link":"https:\/\/atmis-au.org\/fr\/atmis-leadership\/","title":{"rendered":"Leadership DE L\u2019ATMIS"},"content":{"rendered":"La r\u00e9solution 2628 (2022) du Conseil de S\u00e9curit\u00e9 des Nations Unies charge l&rsquo;Union Africaine de mettre en place les structures n\u00e9cessaires au commandement et au contr\u00f4le de la mission et d&rsquo;assurer la coordination op\u00e9rationnelle entre ses contingents, en plus de coordonner la prise de d\u00e9cision op\u00e9rationnelle sous la direction d&rsquo;un Commandant de la Force et des Commandants de Secteurs, entre autres.<\/p>\n<p>Conform\u00e9ment au communiqu\u00e9 du CPS- UA publi\u00e9 le 8 mars 2022, l&rsquo;ATMIS sera dirig\u00e9e par un Repr\u00e9sentant Sp\u00e9cial du Pr\u00e9sident de la Commission de l&rsquo;Union Africaine, \u00e0 qui chaque composante &#8211; militaire, police et civile rendra compte s\u00e9par\u00e9ment. Le Commandant de la Force viendra du plus grand pays contributeur de troupes (TCC) et il\/elle aura un commandement et un contr\u00f4le clairs sur toutes les forces de la mission.<\/p>\n<p><a href=\"https:\/\/atmis-au.org\/fr\/srcc-ambassador-mohammed-el-amine-souef\/\"><strong>Le RSPC et Chef de Mission, l\u2019Ambassadeur Mohammed El-Amine Souef<\/strong><\/a><\/p>\n<div id=\"attachment_2943\" style=\"width: 764px\" class=\"wp-caption alignnone\"><img loading=\"lazy\" decoding=\"async\" aria-describedby=\"caption-attachment-2943\" class=\" wp-image-2943\" src=\"https:\/\/atmis-au.org\/wp-content\/uploads\/2022\/12\/SRCC-cover-300x202.jpg\" alt=\"SRCC Ambassador Mohammed El-Amine Souef\" width=\"754\" height=\"508\" srcset=\"https:\/\/atmis-au.org\/wp-content\/uploads\/2022\/12\/SRCC-cover-300x202.jpg 300w, https:\/\/atmis-au.org\/wp-content\/uploads\/2022\/12\/SRCC-cover-1024x689.jpg 1024w, https:\/\/atmis-au.org\/wp-content\/uploads\/2022\/12\/SRCC-cover-768x517.jpg 768w, https:\/\/atmis-au.org\/wp-content\/uploads\/2022\/12\/SRCC-cover-1170x788.jpg 1170w, https:\/\/atmis-au.org\/wp-content\/uploads\/2022\/12\/SRCC-cover-585x394.jpg 585w, https:\/\/atmis-au.org\/wp-content\/uploads\/2022\/12\/SRCC-cover.jpg 1536w\" sizes=\"(max-width: 754px) 100vw, 754px\" \/><p id=\"caption-attachment-2943\" class=\"wp-caption-text\">SRCC Ambassador Mohammed El-Amine Souef<\/p><\/div>","protected":false},"excerpt":{"rendered":"<p>La r\u00e9solution 2628 (2022) du Conseil de S\u00e9curit\u00e9 des Nations Unies charge l&rsquo;Union Africaine de mettre en place les structures n\u00e9cessaires au commandement et au contr\u00f4le de la mission et&hellip;<\/p>\n","protected":false},"author":1,"featured_media":0,"parent":0,"menu_order":0,"comment_status":"closed","ping_status":"closed","template":"page-sidebar.php","meta":{"footnotes":""},"class_list":["post-1523","page","type-page","status-publish","hentry"],"yoast_head":"<!-- This site is optimized with the Yoast SEO plugin v26.9 - https:\/\/yoast.com\/product\/yoast-seo-wordpress\/ -->\n<title>Leadership DE L\u2019ATMIS - (EN) African Transition Mission in Somalia (ATMIS)<\/title>\n<meta name=\"description\" content=\"UN Security Council Resolution 2628 (2022), mandates the African Union to put in place the necessary structures for command and control of the mission and ensure operational coordination between its contingents, in addition to coordinating operational decision making under a Force Commander and Sector Commanders, among others.\" \/>\n<meta name=\"robots\" content=\"index, follow, max-snippet:-1, max-image-preview:large, max-video-preview:-1\" \/>\n<link rel=\"canonical\" href=\"https:\/\/atmis-au.org\/fr\/atmis-leadership\/\" \/>\n<meta property=\"og:locale\" content=\"fr_FR\" \/>\n<meta property=\"og:type\" content=\"article\" \/>\n<meta property=\"og:title\" content=\"Leadership DE L\u2019ATMIS - (EN) African Transition Mission in Somalia (ATMIS)\" \/>\n<meta property=\"og:description\" content=\"UN Security Council Resolution 2628 (2022), mandates the African Union to put in place the necessary structures for command and control of the mission and ensure operational coordination between its contingents, in addition to coordinating operational decision making under a Force Commander and Sector Commanders, among others.\" \/>\n<meta property=\"og:url\" content=\"https:\/\/atmis-au.org\/fr\/atmis-leadership\/\" \/>\n<meta property=\"og:site_name\" content=\"(EN) African Transition Mission in Somalia (ATMIS)\" \/>\n<meta property=\"article:publisher\" content=\"https:\/\/facebook.com\/atmis.somalia\" \/>\n<meta property=\"article:modified_time\" content=\"2024-11-19T07:12:45+00:00\" \/>\n<meta property=\"og:image\" content=\"https:\/\/atmis-au.org\/wp-content\/uploads\/2022\/12\/SRCC-cover-300x202.jpg\" \/>\n<meta name=\"twitter:card\" content=\"summary_large_image\" \/>\n<meta name=\"twitter:site\" content=\"@atmis_somalia\" \/>\n<meta name=\"twitter:label1\" content=\"Dur\u00e9e de lecture estim\u00e9e\" \/>\n\t<meta name=\"twitter:data1\" content=\"2 minutes\" \/>\n<script type=\"application\/ld+json\" class=\"yoast-schema-graph\">{\"@context\":\"https:\/\/schema.org\",\"@graph\":[{\"@type\":\"WebPage\",\"@id\":\"https:\/\/atmis-au.org\/fr\/atmis-leadership\/\",\"url\":\"https:\/\/atmis-au.org\/fr\/atmis-leadership\/\",\"name\":\"Leadership DE L\u2019ATMIS - (EN) African Transition Mission in Somalia (ATMIS)\",\"isPartOf\":{\"@id\":\"https:\/\/atmis-au.org\/fr\/#website\"},\"primaryImageOfPage\":{\"@id\":\"https:\/\/atmis-au.org\/fr\/atmis-leadership\/#primaryimage\"},\"image\":{\"@id\":\"https:\/\/atmis-au.org\/atmis-leadership\/#primaryimage\"},\"thumbnailUrl\":\"https:\/\/atmis-au.org\/wp-content\/uploads\/2022\/12\/SRCC-cover-300x202.jpg\",\"datePublished\":\"2022-03-22T18:20:29+00:00\",\"dateModified\":\"2024-11-19T07:12:45+00:00\",\"description\":\"UN Security Council Resolution 2628 (2022), mandates the African Union to put in place the necessary structures for command and control of the mission and ensure operational coordination between its contingents, in addition to coordinating operational decision making under a Force Commander and Sector Commanders, among others.\",\"breadcrumb\":{\"@id\":\"https:\/\/atmis-au.org\/fr\/atmis-leadership\/#breadcrumb\"},\"inLanguage\":\"fr-FR\",\"potentialAction\":[{\"@type\":\"ReadAction\",\"target\":[[\"https:\/\/atmis-au.org\/fr\/atmis-leadership\/\"]]}]},{\"@type\":\"ImageObject\",\"inLanguage\":\"fr-FR\",\"@id\":\"https:\/\/atmis-au.org\/fr\/atmis-leadership\/#primaryimage\",\"url\":\"https:\/\/atmis-au.org\/wp-content\/uploads\/2022\/12\/SRCC-cover-300x202.jpg\",\"contentUrl\":\"https:\/\/atmis-au.org\/wp-content\/uploads\/2022\/12\/SRCC-cover-300x202.jpg\"},{\"@type\":\"BreadcrumbList\",\"@id\":\"https:\/\/atmis-au.org\/fr\/atmis-leadership\/#breadcrumb\",\"itemListElement\":[{\"@type\":\"ListItem\",\"position\":1,\"name\":\"Home\",\"item\":\"https:\/\/atmis-au.org\/fr\/\"},{\"@type\":\"ListItem\",\"position\":2,\"name\":\"ATMIS Leadership\"}]},{\"@type\":\"WebSite\",\"@id\":\"https:\/\/atmis-au.org\/fr\/#website\",\"url\":\"https:\/\/atmis-au.org\/fr\/\",\"name\":\"(EN) African Transition Mission in Somalia (ATMIS)\",\"description\":\"(EN) Supporting a Somali-led Peace and Security process\",\"publisher\":{\"@id\":\"https:\/\/atmis-au.org\/fr\/#organization\"},\"potentialAction\":[{\"@type\":\"SearchAction\",\"target\":{\"@type\":\"EntryPoint\",\"urlTemplate\":\"https:\/\/atmis-au.org\/fr\/?s={search_term_string}\"},\"query-input\":{\"@type\":\"PropertyValueSpecification\",\"valueRequired\":true,\"valueName\":\"search_term_string\"}}],\"inLanguage\":\"fr-FR\"},{\"@type\":\"Organization\",\"@id\":\"https:\/\/atmis-au.org\/fr\/#organization\",\"name\":\"African Transition Mission in Somalia (ATMIS)\",\"url\":\"https:\/\/atmis-au.org\/fr\/\",\"logo\":{\"@type\":\"ImageObject\",\"inLanguage\":\"fr-FR\",\"@id\":\"https:\/\/atmis-au.org\/fr\/#\/schema\/logo\/image\/\",\"url\":\"https:\/\/atmis-au.org\/wp-content\/uploads\/2022\/03\/ATMIS-logo.png\",\"contentUrl\":\"https:\/\/atmis-au.org\/wp-content\/uploads\/2022\/03\/ATMIS-logo.png\",\"width\":1562,\"height\":522,\"caption\":\"African Transition Mission in Somalia (ATMIS)\"},\"image\":{\"@id\":\"https:\/\/atmis-au.org\/fr\/#\/schema\/logo\/image\/\"},\"sameAs\":[\"https:\/\/facebook.com\/atmis.somalia\",\"https:\/\/x.com\/atmis_somalia\",\"https:\/\/www.instagram.com\/atmis_somalia\/\",\"https:\/\/www.youtube.com\/channel\/UCmFjQr9t7YHnCJjZqRflDBw\"]}]}<\/script>\n<!-- \/ Yoast SEO plugin. -->","yoast_head_json":{"title":"Leadership DE L\u2019ATMIS - (EN) African Transition Mission in Somalia (ATMIS)","description":"UN Security Council Resolution 2628 (2022), mandates the African Union to put in place the necessary structures for command and control of the mission and ensure operational coordination between its contingents, in addition to coordinating operational decision making under a Force Commander and Sector Commanders, among others.","robots":{"index":"index","follow":"follow","max-snippet":"max-snippet:-1","max-image-preview":"max-image-preview:large","max-video-preview":"max-video-preview:-1"},"canonical":"https:\/\/atmis-au.org\/fr\/atmis-leadership\/","og_locale":"fr_FR","og_type":"article","og_title":"Leadership DE L\u2019ATMIS - (EN) African Transition Mission in Somalia (ATMIS)","og_description":"UN Security Council Resolution 2628 (2022), mandates the African Union to put in place the necessary structures for command and control of the mission and ensure operational coordination between its contingents, in addition to coordinating operational decision making under a Force Commander and Sector Commanders, among others.","og_url":"https:\/\/atmis-au.org\/fr\/atmis-leadership\/","og_site_name":"(EN) African Transition Mission in Somalia (ATMIS)","article_publisher":"https:\/\/facebook.com\/atmis.somalia","article_modified_time":"2024-11-19T07:12:45+00:00","og_image":[{"url":"https:\/\/atmis-au.org\/wp-content\/uploads\/2022\/12\/SRCC-cover-300x202.jpg","type":"","width":"","height":""}],"twitter_card":"summary_large_image","twitter_site":"@atmis_somalia","twitter_misc":{"Dur\u00e9e de lecture estim\u00e9e":"2 minutes"},"schema":{"@context":"https:\/\/schema.org","@graph":[{"@type":"WebPage","@id":"https:\/\/atmis-au.org\/fr\/atmis-leadership\/","url":"https:\/\/atmis-au.org\/fr\/atmis-leadership\/","name":"Leadership DE L\u2019ATMIS - (EN) African Transition Mission in Somalia (ATMIS)","isPartOf":{"@id":"https:\/\/atmis-au.org\/fr\/#website"},"primaryImageOfPage":{"@id":"https:\/\/atmis-au.org\/fr\/atmis-leadership\/#primaryimage"},"image":{"@id":"https:\/\/atmis-au.org\/atmis-leadership\/#primaryimage"},"thumbnailUrl":"https:\/\/atmis-au.org\/wp-content\/uploads\/2022\/12\/SRCC-cover-300x202.jpg","datePublished":"2022-03-22T18:20:29+00:00","dateModified":"2024-11-19T07:12:45+00:00","description":"UN Security Council Resolution 2628 (2022), mandates the African Union to put in place the necessary structures for command and control of the mission and ensure operational coordination between its contingents, in addition to coordinating operational decision making under a Force Commander and Sector Commanders, among others.","breadcrumb":{"@id":"https:\/\/atmis-au.org\/fr\/atmis-leadership\/#breadcrumb"},"inLanguage":"fr-FR","potentialAction":[{"@type":"ReadAction","target":[["https:\/\/atmis-au.org\/fr\/atmis-leadership\/"]]}]},{"@type":"ImageObject","inLanguage":"fr-FR","@id":"https:\/\/atmis-au.org\/fr\/atmis-leadership\/#primaryimage","url":"https:\/\/atmis-au.org\/wp-content\/uploads\/2022\/12\/SRCC-cover-300x202.jpg","contentUrl":"https:\/\/atmis-au.org\/wp-content\/uploads\/2022\/12\/SRCC-cover-300x202.jpg"},{"@type":"BreadcrumbList","@id":"https:\/\/atmis-au.org\/fr\/atmis-leadership\/#breadcrumb","itemListElement":[{"@type":"ListItem","position":1,"name":"Home","item":"https:\/\/atmis-au.org\/fr\/"},{"@type":"ListItem","position":2,"name":"ATMIS Leadership"}]},{"@type":"WebSite","@id":"https:\/\/atmis-au.org\/fr\/#website","url":"https:\/\/atmis-au.org\/fr\/","name":"(EN) African Transition Mission in Somalia (ATMIS)","description":"(EN) Supporting a Somali-led Peace and Security process","publisher":{"@id":"https:\/\/atmis-au.org\/fr\/#organization"},"potentialAction":[{"@type":"SearchAction","target":{"@type":"EntryPoint","urlTemplate":"https:\/\/atmis-au.org\/fr\/?s={search_term_string}"},"query-input":{"@type":"PropertyValueSpecification","valueRequired":true,"valueName":"search_term_string"}}],"inLanguage":"fr-FR"},{"@type":"Organization","@id":"https:\/\/atmis-au.org\/fr\/#organization","name":"African Transition Mission in Somalia (ATMIS)","url":"https:\/\/atmis-au.org\/fr\/","logo":{"@type":"ImageObject","inLanguage":"fr-FR","@id":"https:\/\/atmis-au.org\/fr\/#\/schema\/logo\/image\/","url":"https:\/\/atmis-au.org\/wp-content\/uploads\/2022\/03\/ATMIS-logo.png","contentUrl":"https:\/\/atmis-au.org\/wp-content\/uploads\/2022\/03\/ATMIS-logo.png","width":1562,"height":522,"caption":"African Transition Mission in Somalia (ATMIS)"},"image":{"@id":"https:\/\/atmis-au.org\/fr\/#\/schema\/logo\/image\/"},"sameAs":["https:\/\/facebook.com\/atmis.somalia","https:\/\/x.com\/atmis_somalia","https:\/\/www.instagram.com\/atmis_somalia\/","https:\/\/www.youtube.com\/channel\/UCmFjQr9t7YHnCJjZqRflDBw"]}]}},"_links":{"self":[{"href":"https:\/\/atmis-au.org\/fr\/wp-json\/wp\/v2\/pages\/1523","targetHints":{"allow":["GET"]}}],"collection":[{"href":"https:\/\/atmis-au.org\/fr\/wp-json\/wp\/v2\/pages"}],"about":[{"href":"https:\/\/atmis-au.org\/fr\/wp-json\/wp\/v2\/types\/page"}],"author":[{"embeddable":true,"href":"https:\/\/atmis-au.org\/fr\/wp-json\/wp\/v2\/users\/1"}],"replies":[{"embeddable":true,"href":"https:\/\/atmis-au.org\/fr\/wp-json\/wp\/v2\/comments?post=1523"}],"version-history":[{"count":33,"href":"https:\/\/atmis-au.org\/fr\/wp-json\/wp\/v2\/pages\/1523\/revisions"}],"predecessor-version":[{"id":5651,"href":"https:\/\/atmis-au.org\/fr\/wp-json\/wp\/v2\/pages\/1523\/revisions\/5651"}],"wp:attachment":[{"href":"https:\/\/atmis-au.org\/fr\/wp-json\/wp\/v2\/media?parent=1523"}],"curies":[{"name":"wp","href":"https:\/\/api.w.org\/{rel}","templated":true}]}}