{"id":1522,"date":"2022-03-22T18:20:11","date_gmt":"2022-03-22T18:20:11","guid":{"rendered":"https:\/\/atmis-au.org\/?page_id=1522"},"modified":"2022-06-06T09:40:28","modified_gmt":"2022-06-06T06:40:28","slug":"atmis-background","status":"publish","type":"page","link":"https:\/\/atmis-au.org\/fr\/atmis-background\/","title":{"rendered":"CONTEXTE DE L\u2019ATMIS"},"content":{"rendered":"La Mission de Transition de l&rsquo;Union Africaine en Somalie (ATMIS) a remplac\u00e9 la Mission de l&rsquo;Union Africaine en Somalie (AMISOM) le 1<sup>er<\/sup> avril 2022. Elle a \u00e9t\u00e9 autoris\u00e9e par le Conseil de Paix et de S\u00e9curit\u00e9 de l&rsquo;Union Africaine (CPS-UA) lors de la 1068\u00e8me R\u00c9UNION du 8 mars 2022 et mandat\u00e9e par le Conseil de S\u00e9curit\u00e9 des Nations Unies le 31 mars 2022 en vertu de la r\u00e9solution 2628 (2022), avec un mandat initial de 12 mois.<\/p>\n<p>L\u2019ATMIS est une mission issue d&rsquo;un processus consultatif exhaustif entre le Gouvernement F\u00e9d\u00e9ral de la Somalie (GFS), l&rsquo;Union Africaine, les Nations Unies (NU), l&rsquo;Union Europ\u00e9enne (UE) et d&rsquo;autres partenaires internationaux.<\/p>\n<p>Cliquez sur les documents ci-dessous qui autorisent et mandatent l\u2019ATMIS\u00a0:<\/p>\n<ul>\n<li><a href=\"https:\/\/atmis-au.org\/wp-content\/uploads\/2022\/04\/communique-for-the-1068th-meeting-on-atmis-mandate-8-march-2022.pdf\">Communiqu\u00e9 du Conseil de Paix et de S\u00e9curit\u00e9 de l&rsquo;UA pour la 1068\u00e8me R\u00e9union<\/a><\/li>\n<li><a href=\"https:\/\/atmis-au.org\/wp-content\/uploads\/2022\/04\/atmis-adopted-res-e.pdf\">R\u00e9solution 2628 (2022) du Conseil de S\u00e9curit\u00e9 de l&rsquo;ONU<\/a><\/li>\n<\/ul>","protected":false},"excerpt":{"rendered":"<p>La Mission de Transition de l&rsquo;Union Africaine en Somalie (ATMIS) a remplac\u00e9 la Mission de l&rsquo;Union Africaine en Somalie (AMISOM) le 1er avril 2022. Elle a \u00e9t\u00e9 autoris\u00e9e par le&hellip;<\/p>\n","protected":false},"author":1,"featured_media":1627,"parent":0,"menu_order":0,"comment_status":"closed","ping_status":"closed","template":"","meta":{"footnotes":""},"class_list":["post-1522","page","type-page","status-publish","has-post-thumbnail","hentry"],"yoast_head":"<!-- This site is optimized with the Yoast SEO plugin v26.9 - https:\/\/yoast.com\/product\/yoast-seo-wordpress\/ -->\n<title>CONTEXTE DE L\u2019ATMIS - (EN) African Transition Mission in Somalia (ATMIS)<\/title>\n<meta name=\"robots\" content=\"index, follow, max-snippet:-1, max-image-preview:large, max-video-preview:-1\" \/>\n<link rel=\"canonical\" href=\"https:\/\/atmis-au.org\/fr\/atmis-background\/\" \/>\n<meta property=\"og:locale\" content=\"fr_FR\" \/>\n<meta property=\"og:type\" content=\"article\" \/>\n<meta property=\"og:title\" content=\"CONTEXTE DE L\u2019ATMIS - (EN) African Transition Mission in Somalia (ATMIS)\" \/>\n<meta property=\"og:description\" content=\"La Mission de Transition de l&rsquo;Union Africaine en Somalie (ATMIS) a remplac\u00e9 la Mission de l&rsquo;Union Africaine en Somalie (AMISOM) le 1er avril 2022. Elle a \u00e9t\u00e9 autoris\u00e9e par le&hellip;\" \/>\n<meta property=\"og:url\" content=\"https:\/\/atmis-au.org\/fr\/atmis-background\/\" \/>\n<meta property=\"og:site_name\" content=\"(EN) African Transition Mission in Somalia (ATMIS)\" \/>\n<meta property=\"article:publisher\" content=\"https:\/\/facebook.com\/atmis.somalia\" \/>\n<meta property=\"article:modified_time\" content=\"2022-06-06T06:40:28+00:00\" \/>\n<meta property=\"og:image\" content=\"https:\/\/atmis-au.org\/wp-content\/uploads\/2022\/03\/51854032913_ceef02e567_k.jpg\" \/>\n\t<meta property=\"og:image:width\" content=\"2048\" \/>\n\t<meta property=\"og:image:height\" content=\"1365\" \/>\n\t<meta property=\"og:image:type\" content=\"image\/jpeg\" \/>\n<meta name=\"twitter:card\" content=\"summary_large_image\" \/>\n<meta name=\"twitter:site\" content=\"@atmis_somalia\" \/>\n<meta name=\"twitter:label1\" content=\"Dur\u00e9e de lecture estim\u00e9e\" \/>\n\t<meta name=\"twitter:data1\" content=\"1 minute\" \/>\n<script type=\"application\/ld+json\" class=\"yoast-schema-graph\">{\"@context\":\"https:\/\/schema.org\",\"@graph\":[{\"@type\":\"WebPage\",\"@id\":\"https:\/\/atmis-au.org\/fr\/atmis-background\/\",\"url\":\"https:\/\/atmis-au.org\/fr\/atmis-background\/\",\"name\":\"CONTEXTE DE L\u2019ATMIS - (EN) African Transition Mission in Somalia (ATMIS)\",\"isPartOf\":{\"@id\":\"https:\/\/atmis-au.org\/fr\/#website\"},\"primaryImageOfPage\":{\"@id\":\"https:\/\/atmis-au.org\/fr\/atmis-background\/#primaryimage\"},\"image\":{\"@id\":\"https:\/\/atmis-au.org\/atmis-background\/#primaryimage\"},\"thumbnailUrl\":\"https:\/\/atmis-au.org\/wp-content\/uploads\/2022\/03\/51854032913_ceef02e567_k.jpg\",\"datePublished\":\"2022-03-22T18:20:11+00:00\",\"dateModified\":\"2022-06-06T06:40:28+00:00\",\"breadcrumb\":{\"@id\":\"https:\/\/atmis-au.org\/fr\/atmis-background\/#breadcrumb\"},\"inLanguage\":\"fr-FR\",\"potentialAction\":[{\"@type\":\"ReadAction\",\"target\":[[\"https:\/\/atmis-au.org\/fr\/atmis-background\/\"]]}]},{\"@type\":\"ImageObject\",\"inLanguage\":\"fr-FR\",\"@id\":\"https:\/\/atmis-au.org\/fr\/atmis-background\/#primaryimage\",\"url\":\"https:\/\/atmis-au.org\/wp-content\/uploads\/2022\/03\/51854032913_ceef02e567_k.jpg\",\"contentUrl\":\"https:\/\/atmis-au.org\/wp-content\/uploads\/2022\/03\/51854032913_ceef02e567_k.jpg\",\"width\":2048,\"height\":1365},{\"@type\":\"BreadcrumbList\",\"@id\":\"https:\/\/atmis-au.org\/fr\/atmis-background\/#breadcrumb\",\"itemListElement\":[{\"@type\":\"ListItem\",\"position\":1,\"name\":\"Home\",\"item\":\"https:\/\/atmis-au.org\/fr\/\"},{\"@type\":\"ListItem\",\"position\":2,\"name\":\"ATMIS Background\"}]},{\"@type\":\"WebSite\",\"@id\":\"https:\/\/atmis-au.org\/fr\/#website\",\"url\":\"https:\/\/atmis-au.org\/fr\/\",\"name\":\"(EN) African Transition Mission in Somalia (ATMIS)\",\"description\":\"(EN) Supporting a Somali-led Peace and Security process\",\"publisher\":{\"@id\":\"https:\/\/atmis-au.org\/fr\/#organization\"},\"potentialAction\":[{\"@type\":\"SearchAction\",\"target\":{\"@type\":\"EntryPoint\",\"urlTemplate\":\"https:\/\/atmis-au.org\/fr\/?s={search_term_string}\"},\"query-input\":{\"@type\":\"PropertyValueSpecification\",\"valueRequired\":true,\"valueName\":\"search_term_string\"}}],\"inLanguage\":\"fr-FR\"},{\"@type\":\"Organization\",\"@id\":\"https:\/\/atmis-au.org\/fr\/#organization\",\"name\":\"African Transition Mission in Somalia (ATMIS)\",\"url\":\"https:\/\/atmis-au.org\/fr\/\",\"logo\":{\"@type\":\"ImageObject\",\"inLanguage\":\"fr-FR\",\"@id\":\"https:\/\/atmis-au.org\/fr\/#\/schema\/logo\/image\/\",\"url\":\"https:\/\/atmis-au.org\/wp-content\/uploads\/2022\/03\/ATMIS-logo.png\",\"contentUrl\":\"https:\/\/atmis-au.org\/wp-content\/uploads\/2022\/03\/ATMIS-logo.png\",\"width\":1562,\"height\":522,\"caption\":\"African Transition Mission in Somalia (ATMIS)\"},\"image\":{\"@id\":\"https:\/\/atmis-au.org\/fr\/#\/schema\/logo\/image\/\"},\"sameAs\":[\"https:\/\/facebook.com\/atmis.somalia\",\"https:\/\/x.com\/atmis_somalia\",\"https:\/\/www.instagram.com\/atmis_somalia\/\",\"https:\/\/www.youtube.com\/channel\/UCmFjQr9t7YHnCJjZqRflDBw\"]}]}<\/script>\n<!-- \/ Yoast SEO plugin. -->","yoast_head_json":{"title":"CONTEXTE DE L\u2019ATMIS - (EN) African Transition Mission in Somalia (ATMIS)","robots":{"index":"index","follow":"follow","max-snippet":"max-snippet:-1","max-image-preview":"max-image-preview:large","max-video-preview":"max-video-preview:-1"},"canonical":"https:\/\/atmis-au.org\/fr\/atmis-background\/","og_locale":"fr_FR","og_type":"article","og_title":"CONTEXTE DE L\u2019ATMIS - (EN) African Transition Mission in Somalia (ATMIS)","og_description":"La Mission de Transition de l&rsquo;Union Africaine en Somalie (ATMIS) a remplac\u00e9 la Mission de l&rsquo;Union Africaine en Somalie (AMISOM) le 1er avril 2022. Elle a \u00e9t\u00e9 autoris\u00e9e par le&hellip;","og_url":"https:\/\/atmis-au.org\/fr\/atmis-background\/","og_site_name":"(EN) African Transition Mission in Somalia (ATMIS)","article_publisher":"https:\/\/facebook.com\/atmis.somalia","article_modified_time":"2022-06-06T06:40:28+00:00","og_image":[{"width":2048,"height":1365,"url":"https:\/\/atmis-au.org\/wp-content\/uploads\/2022\/03\/51854032913_ceef02e567_k.jpg","type":"image\/jpeg"}],"twitter_card":"summary_large_image","twitter_site":"@atmis_somalia","twitter_misc":{"Dur\u00e9e de lecture estim\u00e9e":"1 minute"},"schema":{"@context":"https:\/\/schema.org","@graph":[{"@type":"WebPage","@id":"https:\/\/atmis-au.org\/fr\/atmis-background\/","url":"https:\/\/atmis-au.org\/fr\/atmis-background\/","name":"CONTEXTE DE L\u2019ATMIS - (EN) African Transition Mission in Somalia (ATMIS)","isPartOf":{"@id":"https:\/\/atmis-au.org\/fr\/#website"},"primaryImageOfPage":{"@id":"https:\/\/atmis-au.org\/fr\/atmis-background\/#primaryimage"},"image":{"@id":"https:\/\/atmis-au.org\/atmis-background\/#primaryimage"},"thumbnailUrl":"https:\/\/atmis-au.org\/wp-content\/uploads\/2022\/03\/51854032913_ceef02e567_k.jpg","datePublished":"2022-03-22T18:20:11+00:00","dateModified":"2022-06-06T06:40:28+00:00","breadcrumb":{"@id":"https:\/\/atmis-au.org\/fr\/atmis-background\/#breadcrumb"},"inLanguage":"fr-FR","potentialAction":[{"@type":"ReadAction","target":[["https:\/\/atmis-au.org\/fr\/atmis-background\/"]]}]},{"@type":"ImageObject","inLanguage":"fr-FR","@id":"https:\/\/atmis-au.org\/fr\/atmis-background\/#primaryimage","url":"https:\/\/atmis-au.org\/wp-content\/uploads\/2022\/03\/51854032913_ceef02e567_k.jpg","contentUrl":"https:\/\/atmis-au.org\/wp-content\/uploads\/2022\/03\/51854032913_ceef02e567_k.jpg","width":2048,"height":1365},{"@type":"BreadcrumbList","@id":"https:\/\/atmis-au.org\/fr\/atmis-background\/#breadcrumb","itemListElement":[{"@type":"ListItem","position":1,"name":"Home","item":"https:\/\/atmis-au.org\/fr\/"},{"@type":"ListItem","position":2,"name":"ATMIS Background"}]},{"@type":"WebSite","@id":"https:\/\/atmis-au.org\/fr\/#website","url":"https:\/\/atmis-au.org\/fr\/","name":"(EN) African Transition Mission in Somalia (ATMIS)","description":"(EN) Supporting a Somali-led Peace and Security process","publisher":{"@id":"https:\/\/atmis-au.org\/fr\/#organization"},"potentialAction":[{"@type":"SearchAction","target":{"@type":"EntryPoint","urlTemplate":"https:\/\/atmis-au.org\/fr\/?s={search_term_string}"},"query-input":{"@type":"PropertyValueSpecification","valueRequired":true,"valueName":"search_term_string"}}],"inLanguage":"fr-FR"},{"@type":"Organization","@id":"https:\/\/atmis-au.org\/fr\/#organization","name":"African Transition Mission in Somalia (ATMIS)","url":"https:\/\/atmis-au.org\/fr\/","logo":{"@type":"ImageObject","inLanguage":"fr-FR","@id":"https:\/\/atmis-au.org\/fr\/#\/schema\/logo\/image\/","url":"https:\/\/atmis-au.org\/wp-content\/uploads\/2022\/03\/ATMIS-logo.png","contentUrl":"https:\/\/atmis-au.org\/wp-content\/uploads\/2022\/03\/ATMIS-logo.png","width":1562,"height":522,"caption":"African Transition Mission in Somalia (ATMIS)"},"image":{"@id":"https:\/\/atmis-au.org\/fr\/#\/schema\/logo\/image\/"},"sameAs":["https:\/\/facebook.com\/atmis.somalia","https:\/\/x.com\/atmis_somalia","https:\/\/www.instagram.com\/atmis_somalia\/","https:\/\/www.youtube.com\/channel\/UCmFjQr9t7YHnCJjZqRflDBw"]}]}},"_links":{"self":[{"href":"https:\/\/atmis-au.org\/fr\/wp-json\/wp\/v2\/pages\/1522","targetHints":{"allow":["GET"]}}],"collection":[{"href":"https:\/\/atmis-au.org\/fr\/wp-json\/wp\/v2\/pages"}],"about":[{"href":"https:\/\/atmis-au.org\/fr\/wp-json\/wp\/v2\/types\/page"}],"author":[{"embeddable":true,"href":"https:\/\/atmis-au.org\/fr\/wp-json\/wp\/v2\/users\/1"}],"replies":[{"embeddable":true,"href":"https:\/\/atmis-au.org\/fr\/wp-json\/wp\/v2\/comments?post=1522"}],"version-history":[{"count":0,"href":"https:\/\/atmis-au.org\/fr\/wp-json\/wp\/v2\/pages\/1522\/revisions"}],"wp:featuredmedia":[{"embeddable":true,"href":"https:\/\/atmis-au.org\/fr\/wp-json\/wp\/v2\/media\/1627"}],"wp:attachment":[{"href":"https:\/\/atmis-au.org\/fr\/wp-json\/wp\/v2\/media?parent=1522"}],"curies":[{"name":"wp","href":"https:\/\/api.w.org\/{rel}","templated":true}]}}